{"id":41588,"date":"2026-04-19T15:22:36","date_gmt":"2026-04-19T15:22:36","guid":{"rendered":"https:\/\/singuli.wpress.me\/index.php\/proizvod\/lenor-fresh-air-omeksivac-fresh-wind-55-pranja-770-ml\/"},"modified":"2026-04-20T12:33:38","modified_gmt":"2026-04-20T12:33:38","slug":"lenor-fresh-air-omeksivac-fresh-wind-55-pranja-770-ml","status":"publish","type":"product","link":"https:\/\/singuli.wpress.me\/index.php\/proizvod\/lenor-fresh-air-omeksivac-fresh-wind-55-pranja-770-ml\/","title":{"rendered":"LENOR Fresh Air, omek\u0161iva\u010d, Fresh Wind, 55 pranja, 770\u00a0ml"},"content":{"rendered":"<p>Odaberite Lenor Fresh Air Effect Fresh Wind za rublje koje miri\u0161e svje\u017ee kao da se su\u0161ilo vani na svje\u017eem zraku, s energi\u010dnim mirisom mora, sa svje\u017einom vjetra i da\u0161kom citrusa. <\/p>\n<p>Formula linije Lenor Fresh Air Effect pru\u017ea svje\u017einu koja se osloba\u0111a i u ormaru i pri no\u0161enju. <\/p>\n<p>Tako\u0111er donosi pouzdanu Lenorovu meko\u0107u te \u0161titi od blije\u0111enja tkanina, stvaranja mucica i razvla\u010denja. <\/p>\n<p>Boca je izra\u0111ena od 100 % reciklirane plastike i uglavnom se mo\u017ee u cijelosti opet reciklirati.* <\/p>\n<p>Sve u svemu, dobro za prirodu, a lijepo i prakti\u010dno za vas. <\/p>\n<p>*osim \u010depa, otvora za izlijevanje i omota.<\/p>\n","protected":false},"excerpt":{"rendered":"<p>Energi\u010dni mirisom mora, svje\u017einom vjetra i da\u0161kom citrusa<br \/>\nRublje koje miri\u0161e svje\u017ee kao da se su\u0161ilo na svje\u017eem zraku<br \/>\nBoca od 100 % recikliranog materijala i mo\u017ee se reciklirati (osim omota)<\/p>\n","protected":false},"featured_media":0,"template":"","meta":{"_seopress_robots_primary_cat":"","_seopress_titles_title":"","_seopress_titles_desc":"","_seopress_robots_index":"","iawp_total_views":0},"product_brand":[446],"product_cat":[283,238],"product_tag":[],"class_list":{"0":"post-41588","1":"product","2":"type-product","3":"status-publish","5":"product_brand-lenor","6":"product_cat-pranje-rublja-238","7":"product_cat-sve-za-dom","9":"first","10":"outofstock","11":"shipping-taxable","12":"purchasable","13":"product-type-simple"},"_links":{"self":[{"href":"https:\/\/singuli.wpress.me\/index.php\/wp-json\/wp\/v2\/product\/41588","targetHints":{"allow":["GET"]}}],"collection":[{"href":"https:\/\/singuli.wpress.me\/index.php\/wp-json\/wp\/v2\/product"}],"about":[{"href":"https:\/\/singuli.wpress.me\/index.php\/wp-json\/wp\/v2\/types\/product"}],"version-history":[{"count":0,"href":"https:\/\/singuli.wpress.me\/index.php\/wp-json\/wp\/v2\/product\/41588\/revisions"}],"wp:attachment":[{"href":"https:\/\/singuli.wpress.me\/index.php\/wp-json\/wp\/v2\/media?parent=41588"}],"wp:term":[{"taxonomy":"product_brand","embeddable":true,"href":"https:\/\/singuli.wpress.me\/index.php\/wp-json\/wp\/v2\/product_brand?post=41588"},{"taxonomy":"product_cat","embeddable":true,"href":"https:\/\/singuli.wpress.me\/index.php\/wp-json\/wp\/v2\/product_cat?post=41588"},{"taxonomy":"product_tag","embeddable":true,"href":"https:\/\/singuli.wpress.me\/index.php\/wp-json\/wp\/v2\/product_tag?post=41588"}],"curies":[{"name":"wp","href":"https:\/\/api.w.org\/{rel}","templated":true}]}}