{"id":41595,"date":"2026-04-19T15:22:37","date_gmt":"2026-04-19T15:22:37","guid":{"rendered":"https:\/\/singuli.wpress.me\/index.php\/proizvod\/braun-mgk-3321-trimer-brada-sisac-6u1\/"},"modified":"2026-04-21T00:27:11","modified_gmt":"2026-04-21T00:27:11","slug":"braun-mgk-3321-trimer-brada-sisac-6u1","status":"publish","type":"product","link":"https:\/\/singuli.wpress.me\/index.php\/proizvod\/braun-mgk-3321-trimer-brada-sisac-6u1\/","title":{"rendered":"BRAUN MGK 3321, trimer brada\/\u0161i\u0161a\u010d, 6u1"},"content":{"rendered":"<p>Braun MGK 3321 trimer brada\/\u0161i\u0161a\u010d (6u1)<\/p>\n<p>Istaknute zna\u010dajke:<br \/>\n\u2022 6-u-1: Braunov multifunkcionalni komplet trimera MGK3 podrezuje dla\u010dice na licu, u u\u0161ima i nosu, kao i kosu.<br \/>\n\u2022 O\u0161triji. Br\u017ei. U\u010dinkovitiji. Glava trimera ima \u0161iri segment za podrezivanje koji pri svakom potezu podrezuje vi\u0161e dla\u010dica.* Do\u0111ite do \u017eeljenog izgleda u manje poteza.<br \/>\n\u2022 100% kontrola od glave do pete: precizni \u010de\u0161lji\u0107 s 20% manje plastike omogu\u0107uje savr\u0161eno lako podrezivanje \u2013 bez obzira radi li se o brkovima, bradici, jednodnevnoj bradi ili kosi.<br \/>\n\u2022 Stvoren da traje: ovaj trimer za bradu za mu\u0161karce ima dugovje\u010dne o\u0161tre o\u0161trice \u2013 za lako, ravnomjerno i u\u010dinkovito podrezivanje dla\u010dica i kose pri svakoj duljini.<br \/>\n\u2022 Napredan njema\u010dki dizajn: mo\u0107na NiMH baterija za 50 minuta rada.<\/p>\n<p>*u odnosu na dosada\u0161nje Braunove trimere<\/p>\n<p>O\u0161triji. Br\u017ei. U\u010dinkovitiji.*<br \/>\nGlava trimera ima \u0161iri dio za podrezivanje pa hvata i podrezuje vi\u0161e dla\u010dica pri svakom potezu nego ijedan prija\u0161nji Braunov trimer. Do\u0111ite do \u017eeljenog izgleda u manje poteza.<br \/>\n*u odnosu na dosada\u0161nje Braunove trimere<\/p>\n<p>Braun za ure\u0111ivanje dla\u010dica<br \/>\n&#8211; Savr\u0161ena lako\u0107a preciznosti za va\u0161 stil.<br \/>\n&#8211; Njema\u010dki dizajn stvoren da traje.<br \/>\n&#8211; Sa \u0161irim segmentom za podrezivanje za postizanje \u017eeljenog izgleda u manje poteza.<\/p>\n<p>Dulja brada<br \/>\n\u010ce\u0161lji\u0107 za dugu bradu poma\u017ee u odr\u017eavanju duljih brada (13 &#8211; 21 mm).<\/p>\n<p>Kratka brada<br \/>\n\u010ce\u0161lji\u0107 za kratku bradu poma\u017ee u odr\u017eavanju kra\u0107ih brada (3 &#8211; 11 mm).<\/p>\n<p>\u0160i\u0161anje<br \/>\nPrecizno o\u0161i\u0161ajte kosu na \u017eeljenu duljinu izme\u0111u 0,5 i 21 mm, s dva dvonamjenska prilagodljiva nje\u017ena \u010de\u0161lji\u0107a.<\/p>\n<p>Oblikovanje kontura i detaljno podrezivanje<br \/>\nDefinirajte precizne linije i rubove na vratu i obrazima uz pomo\u0107 glave trimera za bradu.<\/p>\n<p>Podrezivanje dla\u010dica u u\u0161ima i nosu<br \/>\nUklonite ne\u017eeljene dla\u010dice iz u\u0161iju i nosa uz pomo\u0107 posebne glave s trimerom za tu vrstu dla\u010dica.<\/p>\n<p>Njema\u010dki dizajn<br \/>\nMGK3 dizajniran je u Njema\u010dkoj te donosi spoj bezvremenskog dizajna i besprijekorne funkcionalnosti.<\/p>\n<p>NiMH baterija<br \/>\n50 minuta podrezivanja. 10-satno punjenje.<\/p>\n<p>Vrhunski komplet za ure\u0111ivanje dla\u010dica<br \/>\nVrhunski vi\u0161enamjenski komplet za ure\u0111ivanje dla\u010dica poma\u017ee vam obaviti 6 zada\u0107a sa samo 1 ure\u0111ajem.<\/p>\n","protected":false},"excerpt":{"rendered":"<p>Komplet za ure\u0111ivanje mu\u0161ke brade i tijela 6 u 1<br \/>\nO\u0161triji. Br\u017ei. U\u010dinkovitiji.<br \/>\n100% kontrola od glave do pete: precizni \u010de\u0161lji\u0107 s 20% manje plastike omogu\u0107uje savr\u0161eno lako podrezivanje<\/p>\n","protected":false},"featured_media":0,"template":"","meta":{"_seopress_robots_primary_cat":"","_seopress_titles_title":"","_seopress_titles_desc":"","_seopress_robots_index":"","iawp_total_views":0},"product_brand":[144],"product_cat":[280,192,279],"product_tag":[],"class_list":{"0":"post-41595","1":"product","2":"type-product","3":"status-publish","5":"product_brand-braun","6":"product_cat-aparati-za-muskarce-279","7":"product_cat-aparati-za-osobnu-njegu","8":"product_cat-brijanje-i-sisanje-192","10":"first","11":"outofstock","12":"shipping-taxable","13":"purchasable","14":"product-type-simple"},"_links":{"self":[{"href":"https:\/\/singuli.wpress.me\/index.php\/wp-json\/wp\/v2\/product\/41595","targetHints":{"allow":["GET"]}}],"collection":[{"href":"https:\/\/singuli.wpress.me\/index.php\/wp-json\/wp\/v2\/product"}],"about":[{"href":"https:\/\/singuli.wpress.me\/index.php\/wp-json\/wp\/v2\/types\/product"}],"version-history":[{"count":0,"href":"https:\/\/singuli.wpress.me\/index.php\/wp-json\/wp\/v2\/product\/41595\/revisions"}],"wp:attachment":[{"href":"https:\/\/singuli.wpress.me\/index.php\/wp-json\/wp\/v2\/media?parent=41595"}],"wp:term":[{"taxonomy":"product_brand","embeddable":true,"href":"https:\/\/singuli.wpress.me\/index.php\/wp-json\/wp\/v2\/product_brand?post=41595"},{"taxonomy":"product_cat","embeddable":true,"href":"https:\/\/singuli.wpress.me\/index.php\/wp-json\/wp\/v2\/product_cat?post=41595"},{"taxonomy":"product_tag","embeddable":true,"href":"https:\/\/singuli.wpress.me\/index.php\/wp-json\/wp\/v2\/product_tag?post=41595"}],"curies":[{"name":"wp","href":"https:\/\/api.w.org\/{rel}","templated":true}]}}