{"id":41599,"date":"2026-04-19T15:22:39","date_gmt":"2026-04-19T15:22:39","guid":{"rendered":"https:\/\/singuli.wpress.me\/index.php\/proizvod\/braun-silkexpert-pro-5149-ipl-uredaj\/"},"modified":"2026-04-21T00:27:11","modified_gmt":"2026-04-21T00:27:11","slug":"braun-silkexpert-pro-5149-ipl-uredaj","status":"publish","type":"product","link":"https:\/\/singuli.wpress.me\/index.php\/proizvod\/braun-silkexpert-pro-5149-ipl-uredaj\/","title":{"rendered":"BRAUN SilkExpert Pro 5149, IPL ure\u0111aj"},"content":{"rendered":"<p>Braun Silk\u00b7expert Pro 5 &#8211; PL5149 IPL ure\u0111aj za uklanjanje vidljivih dla\u010dica kod ku\u0107e s preciznom glavom i mini aparatom za brijanje lica<br \/>\n&#8211; Kod ku\u0107e se pobrinite za do \u0161est mjeseci glatke ko\u017ee kao iz salona. Vidljivo uklanjanje dla\u010dica u samo \u010detiri tjedna.<br \/>\n&#8211; Optimalna \u010dvrsto\u0107a za svaki dio tijela uz tehnologiju Skin pro 2.0 (SendoAdapt\u2122), kakva se koristi u salonima, koja se automatski i kontinuirano prilago\u0111ava boji ko\u017ee.<br \/>\n&#8211; Braunov najbr\u017ei IPL ure\u0111aj za manje propu\u0161tenih to\u010daka. Do 125 bljeskova u minuti za jednostavan postupak i bolju pokrivenost ko\u017ee.<br \/>\n&#8211; Nje\u017ean prema ko\u017ei s dva nje\u017ena na\u010dina djelovanja koji smanjuju intenzitet svjetla, \u010dime se omek\u0161ava proces na osjetljivim podru\u010djima poput lica, pazuha ili intimnih podru\u010dja.<br \/>\n&#8211; Vi\u0161e glava za kori\u0161tenje na svim podru\u010djima od glave do pete. Standardna glava za pazuhe i potkoljenice te precizna glava za lice i intimna podru\u010dja.<\/p>\n","protected":false},"excerpt":{"rendered":"<p>Aparat za uklanjanje vidljivih dla\u010dica.<br \/>\nKu\u0107ni sustav za uklanjanje dla\u010dica.<br \/>\nS elegantnom torbicom, brivicom Venus i preciznom glavom.<\/p>\n","protected":false},"featured_media":0,"template":"","meta":{"_seopress_robots_primary_cat":"","_seopress_titles_title":"","_seopress_titles_desc":"","_seopress_robots_index":"","iawp_total_views":0},"product_brand":[144],"product_cat":[192,282,281],"product_tag":[],"class_list":{"0":"post-41599","1":"product","2":"type-product","3":"status-publish","5":"product_brand-braun","6":"product_cat-aparati-za-osobnu-njegu","7":"product_cat-aparati-za-zene-281","8":"product_cat-epilatori-i-ipl-192","10":"first","11":"outofstock","12":"shipping-taxable","13":"purchasable","14":"product-type-simple"},"_links":{"self":[{"href":"https:\/\/singuli.wpress.me\/index.php\/wp-json\/wp\/v2\/product\/41599","targetHints":{"allow":["GET"]}}],"collection":[{"href":"https:\/\/singuli.wpress.me\/index.php\/wp-json\/wp\/v2\/product"}],"about":[{"href":"https:\/\/singuli.wpress.me\/index.php\/wp-json\/wp\/v2\/types\/product"}],"version-history":[{"count":0,"href":"https:\/\/singuli.wpress.me\/index.php\/wp-json\/wp\/v2\/product\/41599\/revisions"}],"wp:attachment":[{"href":"https:\/\/singuli.wpress.me\/index.php\/wp-json\/wp\/v2\/media?parent=41599"}],"wp:term":[{"taxonomy":"product_brand","embeddable":true,"href":"https:\/\/singuli.wpress.me\/index.php\/wp-json\/wp\/v2\/product_brand?post=41599"},{"taxonomy":"product_cat","embeddable":true,"href":"https:\/\/singuli.wpress.me\/index.php\/wp-json\/wp\/v2\/product_cat?post=41599"},{"taxonomy":"product_tag","embeddable":true,"href":"https:\/\/singuli.wpress.me\/index.php\/wp-json\/wp\/v2\/product_tag?post=41599"}],"curies":[{"name":"wp","href":"https:\/\/api.w.org\/{rel}","templated":true}]}}