{"id":41601,"date":"2026-04-19T15:22:41","date_gmt":"2026-04-19T15:22:41","guid":{"rendered":"https:\/\/singuli.wpress.me\/index.php\/proizvod\/clearblue-brzi-test-za-utvrdivanje-trudnoce-1-kom\/"},"modified":"2026-04-20T12:33:38","modified_gmt":"2026-04-20T12:33:38","slug":"clearblue-brzi-test-za-utvrdivanje-trudnoce-1-kom","status":"publish","type":"product","link":"https:\/\/singuli.wpress.me\/index.php\/proizvod\/clearblue-brzi-test-za-utvrdivanje-trudnoce-1-kom\/","title":{"rendered":"CLEARBLUE, Brzi test za utvr\u0111ivanje trudno\u0107e, 1\u00a0kom"},"content":{"rendered":"<p>Prikaz rezultata ve\u0107 nakon 1 minute. Clearblue brzi test za utvr\u0111ivanje trudno\u0107e osmi\u0161ljen je kako bi pru\u017eio najjednostavnije iskustvo testiranja na trudno\u0107u, uz pouzdanost koja se o\u010dekuje od brenda Clearblue. <\/p>\n<p>Rezultati su dostupni u roku od 1 minute. Njegov revolucionarni dizajn rezultat je iscrpnog istra\u017eivanja u kojem su sudjelovale \u017eene te je \u010dak osvojio nagradu Red Dot Design 2012. godine. <\/p>\n<p>Clearblue brzi test  vrlo je osjetljiv, te se mo\u017ee testirati do 5 dana prije izostale mjese\u010dnice. Rezultate plus (+) i minus (-) jednostavno je o\u010ditati.<\/p>\n","protected":false},"excerpt":{"rendered":"<p>Clearblue brzi test za utvr\u0111ivanje trudno\u0107e s vrhom koji mijenja boju<br \/>\nRezultati unutar 1 minute<br \/>\nRezultate plus (+) i minus (-) jednostavno je o\u010ditati<\/p>\n","protected":false},"featured_media":0,"template":"","meta":{"_seopress_robots_primary_cat":"","_seopress_titles_title":"","_seopress_titles_desc":"","_seopress_robots_index":"","iawp_total_views":0},"product_brand":[753],"product_cat":[211,289],"product_tag":[],"class_list":{"0":"post-41601","1":"product","2":"type-product","3":"status-publish","5":"product_brand-clearblue","6":"product_cat-njega-majke-i-djeteta","7":"product_cat-trudnoca-i-vitamini-211","9":"first","10":"instock","11":"shipping-taxable","12":"purchasable","13":"product-type-simple"},"_links":{"self":[{"href":"https:\/\/singuli.wpress.me\/index.php\/wp-json\/wp\/v2\/product\/41601","targetHints":{"allow":["GET"]}}],"collection":[{"href":"https:\/\/singuli.wpress.me\/index.php\/wp-json\/wp\/v2\/product"}],"about":[{"href":"https:\/\/singuli.wpress.me\/index.php\/wp-json\/wp\/v2\/types\/product"}],"version-history":[{"count":0,"href":"https:\/\/singuli.wpress.me\/index.php\/wp-json\/wp\/v2\/product\/41601\/revisions"}],"wp:attachment":[{"href":"https:\/\/singuli.wpress.me\/index.php\/wp-json\/wp\/v2\/media?parent=41601"}],"wp:term":[{"taxonomy":"product_brand","embeddable":true,"href":"https:\/\/singuli.wpress.me\/index.php\/wp-json\/wp\/v2\/product_brand?post=41601"},{"taxonomy":"product_cat","embeddable":true,"href":"https:\/\/singuli.wpress.me\/index.php\/wp-json\/wp\/v2\/product_cat?post=41601"},{"taxonomy":"product_tag","embeddable":true,"href":"https:\/\/singuli.wpress.me\/index.php\/wp-json\/wp\/v2\/product_tag?post=41601"}],"curies":[{"name":"wp","href":"https:\/\/api.w.org\/{rel}","templated":true}]}}