{"id":41603,"date":"2026-04-19T15:22:42","date_gmt":"2026-04-19T15:22:42","guid":{"rendered":"https:\/\/singuli.wpress.me\/index.php\/proizvod\/laica-bi-flux-filter\/"},"modified":"2026-04-20T12:33:38","modified_gmt":"2026-04-20T12:33:38","slug":"laica-bi-flux-filter","status":"publish","type":"product","link":"https:\/\/singuli.wpress.me\/index.php\/proizvod\/laica-bi-flux-filter\/","title":{"rendered":"LAICA Bi-flux, filter"},"content":{"rendered":"<p>Laica bi-flux filter smanjuje sadr\u017eaj klora, kamenca, te\u0161kih metala, herbicida, pesticida. Svojom inovativnom formulom odr\u017eava prirodnu ravnote\u017eu mineralnih soli u vodi iz slavine od kalcija i magnezija.<br \/>\nNakon 30 dana ili 150 l filtrirane vode potrebno je zamijeniti filter.<\/p>\n","protected":false},"excerpt":{"rendered":"<p>Filtrira pitku vodu iz slavine, pobolj\u0161ava njen okus.<br \/>\nSmanjuje koli\u010dinu odre\u0111enih ne\u017eeljenih tvari koje mogu biti prisutne u vodi.<br \/>\nKompatibilan s: Clear line, Stream line, Light Grafitti, Big Firenze i Carmen Aida.<\/p>\n","protected":false},"featured_media":0,"template":"","meta":{"_seopress_robots_primary_cat":"","_seopress_titles_title":"","_seopress_titles_desc":"","_seopress_robots_index":"","iawp_total_views":0},"product_brand":[148],"product_cat":[274,238],"product_tag":[],"class_list":{"0":"post-41603","1":"product","2":"type-product","3":"status-publish","5":"product_brand-laica","6":"product_cat-kucanski-pribor-238","7":"product_cat-sve-za-dom","9":"first","10":"instock","11":"shipping-taxable","12":"purchasable","13":"product-type-simple"},"_links":{"self":[{"href":"https:\/\/singuli.wpress.me\/index.php\/wp-json\/wp\/v2\/product\/41603","targetHints":{"allow":["GET"]}}],"collection":[{"href":"https:\/\/singuli.wpress.me\/index.php\/wp-json\/wp\/v2\/product"}],"about":[{"href":"https:\/\/singuli.wpress.me\/index.php\/wp-json\/wp\/v2\/types\/product"}],"version-history":[{"count":0,"href":"https:\/\/singuli.wpress.me\/index.php\/wp-json\/wp\/v2\/product\/41603\/revisions"}],"wp:attachment":[{"href":"https:\/\/singuli.wpress.me\/index.php\/wp-json\/wp\/v2\/media?parent=41603"}],"wp:term":[{"taxonomy":"product_brand","embeddable":true,"href":"https:\/\/singuli.wpress.me\/index.php\/wp-json\/wp\/v2\/product_brand?post=41603"},{"taxonomy":"product_cat","embeddable":true,"href":"https:\/\/singuli.wpress.me\/index.php\/wp-json\/wp\/v2\/product_cat?post=41603"},{"taxonomy":"product_tag","embeddable":true,"href":"https:\/\/singuli.wpress.me\/index.php\/wp-json\/wp\/v2\/product_tag?post=41603"}],"curies":[{"name":"wp","href":"https:\/\/api.w.org\/{rel}","templated":true}]}}