{"id":41606,"date":"2026-04-19T15:22:43","date_gmt":"2026-04-19T15:22:43","guid":{"rendered":"https:\/\/singuli.wpress.me\/index.php\/proizvod\/bison-kit-ljepilo-univerzalno-650-ml-2\/"},"modified":"2026-04-21T00:27:11","modified_gmt":"2026-04-21T00:27:11","slug":"bison-kit-ljepilo-univerzalno-650-ml-2","status":"publish","type":"product","link":"https:\/\/singuli.wpress.me\/index.php\/proizvod\/bison-kit-ljepilo-univerzalno-650-ml-2\/","title":{"rendered":"BISON Kit, ljepilo, univerzalno, 650\u00a0ml"},"content":{"rendered":"<p>Super sna\u017eno, univerzalno, teku\u0107e kontaktno ljepilo na bazi neoprenske gume.<\/p>\n<p>Lijepi plasti\u010dne panelne plo\u010de (npr. Formica\u00ae), furnir, lesonit plo\u010de, plasti\u010dne rubove, gumu, ko\u017eu, linoleum, pluto, tekstil ili polietersku pjenu za sebe, drvo, ivericu, beton i metal. Izme\u0111u ostalog, odli\u010dno za lijepljenje rubova stepenica, tapisona i namje\u0161taja (bridovi ili filc). <\/p>\n<p>Tako\u0111er za popravak cipela, torbi, igra\u010daka i tepiha te za ru\u010dne radove.<\/p>\n<p>Uvjeti skladi\u0161tenja: \u010cuvajte na suhom i hladnom mjestu na kojem ne dolazi do smrzavanja.<\/p>\n","protected":false},"excerpt":{"rendered":"<p>Super sna\u017eno<br \/>\nUniverzalno<br \/>\nNa bazi neoprenske gume<\/p>\n","protected":false},"featured_media":0,"template":"","meta":{"_seopress_robots_primary_cat":"","_seopress_titles_title":"","_seopress_titles_desc":"","_seopress_robots_index":"","iawp_total_views":0},"product_brand":[494],"product_cat":[264,238],"product_tag":[],"class_list":{"0":"post-41606","1":"product","2":"type-product","3":"status-publish","5":"product_brand-bison","6":"product_cat-ljepila-i-brtvila-238","7":"product_cat-sve-za-dom","9":"first","10":"instock","11":"shipping-taxable","12":"purchasable","13":"product-type-simple"},"_links":{"self":[{"href":"https:\/\/singuli.wpress.me\/index.php\/wp-json\/wp\/v2\/product\/41606","targetHints":{"allow":["GET"]}}],"collection":[{"href":"https:\/\/singuli.wpress.me\/index.php\/wp-json\/wp\/v2\/product"}],"about":[{"href":"https:\/\/singuli.wpress.me\/index.php\/wp-json\/wp\/v2\/types\/product"}],"version-history":[{"count":0,"href":"https:\/\/singuli.wpress.me\/index.php\/wp-json\/wp\/v2\/product\/41606\/revisions"}],"wp:attachment":[{"href":"https:\/\/singuli.wpress.me\/index.php\/wp-json\/wp\/v2\/media?parent=41606"}],"wp:term":[{"taxonomy":"product_brand","embeddable":true,"href":"https:\/\/singuli.wpress.me\/index.php\/wp-json\/wp\/v2\/product_brand?post=41606"},{"taxonomy":"product_cat","embeddable":true,"href":"https:\/\/singuli.wpress.me\/index.php\/wp-json\/wp\/v2\/product_cat?post=41606"},{"taxonomy":"product_tag","embeddable":true,"href":"https:\/\/singuli.wpress.me\/index.php\/wp-json\/wp\/v2\/product_tag?post=41606"}],"curies":[{"name":"wp","href":"https:\/\/api.w.org\/{rel}","templated":true}]}}