{"id":41611,"date":"2026-04-19T15:22:45","date_gmt":"2026-04-19T15:22:45","guid":{"rendered":"https:\/\/singuli.wpress.me\/index.php\/proizvod\/melina-s-30-ulja-za-sporohodne-dvotaktne-brodske-motore-209-l\/"},"modified":"2026-04-20T12:33:38","modified_gmt":"2026-04-20T12:33:38","slug":"melina-s-30-ulja-za-sporohodne-dvotaktne-brodske-motore-209-l","status":"publish","type":"product","link":"https:\/\/singuli.wpress.me\/index.php\/proizvod\/melina-s-30-ulja-za-sporohodne-dvotaktne-brodske-motore-209-l\/","title":{"rendered":"MELINA S 30, Ulja za sporohodne\/dvotaktne brodske motore, 209\u00a0l"},"content":{"rendered":"<p>Shell Melina S je vi\u0161enamjensko mazivo za sporohodne brodske dizelske motore, dizajnirano da osigura najvi\u0161u razinu za\u0161tite u visoko u\u010dinkovitim sporohodnim brodskim motorima. Ovo je vi\u0161enamjensko mazivo i mo\u017ee pomo\u0107i u smanjenju broja vrsta maziva na brodu. Melina S  se NE preporu\u010duje za klipne motore. U\u010dinkovito neutralizira visoko korozivne kiseline izgaranja koje mogu kontaminirati glavni sustav kada cilindarsko ulje iscuri pored klipnih \u0161ipki.<\/p>\n","protected":false},"excerpt":{"rendered":"<p>Ulja za sporohodne\/dvotaktne brodske motore<br \/>\nNe preporu\u010duje se za klipne motore<br \/>\nNeutralizira visoko korozivne kiseline izgaranja<\/p>\n","protected":false},"featured_media":0,"template":"","meta":{"_seopress_robots_primary_cat":"","_seopress_titles_title":"","_seopress_titles_desc":"","_seopress_robots_index":"","iawp_total_views":0},"product_brand":[868],"product_cat":[243,276],"product_tag":[],"class_list":{"0":"post-41611","1":"product","2":"type-product","3":"status-publish","5":"product_brand-melina","6":"product_cat-automobili-i-motori","7":"product_cat-industrijska-i-specijalna-ulja-243","9":"first","10":"outofstock","11":"shipping-taxable","12":"purchasable","13":"product-type-simple"},"_links":{"self":[{"href":"https:\/\/singuli.wpress.me\/index.php\/wp-json\/wp\/v2\/product\/41611","targetHints":{"allow":["GET"]}}],"collection":[{"href":"https:\/\/singuli.wpress.me\/index.php\/wp-json\/wp\/v2\/product"}],"about":[{"href":"https:\/\/singuli.wpress.me\/index.php\/wp-json\/wp\/v2\/types\/product"}],"version-history":[{"count":0,"href":"https:\/\/singuli.wpress.me\/index.php\/wp-json\/wp\/v2\/product\/41611\/revisions"}],"wp:attachment":[{"href":"https:\/\/singuli.wpress.me\/index.php\/wp-json\/wp\/v2\/media?parent=41611"}],"wp:term":[{"taxonomy":"product_brand","embeddable":true,"href":"https:\/\/singuli.wpress.me\/index.php\/wp-json\/wp\/v2\/product_brand?post=41611"},{"taxonomy":"product_cat","embeddable":true,"href":"https:\/\/singuli.wpress.me\/index.php\/wp-json\/wp\/v2\/product_cat?post=41611"},{"taxonomy":"product_tag","embeddable":true,"href":"https:\/\/singuli.wpress.me\/index.php\/wp-json\/wp\/v2\/product_tag?post=41611"}],"curies":[{"name":"wp","href":"https:\/\/api.w.org\/{rel}","templated":true}]}}