{"id":41614,"date":"2026-04-19T15:22:46","date_gmt":"2026-04-19T15:22:46","guid":{"rendered":"https:\/\/singuli.wpress.me\/index.php\/proizvod\/kelloggs-granola-choco-nut-380-g\/"},"modified":"2026-04-20T12:33:38","modified_gmt":"2026-04-20T12:33:38","slug":"kelloggs-granola-choco-nut-380-g","status":"publish","type":"product","link":"https:\/\/singuli.wpress.me\/index.php\/proizvod\/kelloggs-granola-choco-nut-380-g\/","title":{"rendered":"KELLOGG&#8217;S, granola, Choco Nut, 380\u00a0g"},"content":{"rendered":"<p><span style=\"font-weight: bold\">Kellogg&#8217;s\u00ae Choco Nut Granola<\/span> kombinira hrskave grozdove zobi napravljene od cjelovitih \u017eitarica s komadi\u0107ima \u010dokolade i lje\u0161njacima. <\/p>\n<p>Nema umjetnih boja ni aroma.<\/p>\n","protected":false},"excerpt":{"rendered":"<p>Ukusna hrskava granola s komadi\u0107ima \u010dokolade i lje\u0161njacima<br \/>\nNije prikladno za vegane<br \/>\n\u010cuvati na suhom i hladnom mjestu<\/p>\n","protected":false},"featured_media":0,"template":"","meta":{"_seopress_robots_primary_cat":"","_seopress_titles_title":"","_seopress_titles_desc":"","_seopress_robots_index":"","iawp_total_views":0},"product_brand":[425],"product_cat":[261,307],"product_tag":[],"class_list":{"0":"post-41614","1":"product","2":"type-product","3":"status-publish","5":"product_brand-kelloggs","6":"product_cat-hrana-i-pice","7":"product_cat-zitarice-i-dorucak-261","9":"first","10":"instock","11":"shipping-taxable","12":"purchasable","13":"product-type-simple"},"_links":{"self":[{"href":"https:\/\/singuli.wpress.me\/index.php\/wp-json\/wp\/v2\/product\/41614","targetHints":{"allow":["GET"]}}],"collection":[{"href":"https:\/\/singuli.wpress.me\/index.php\/wp-json\/wp\/v2\/product"}],"about":[{"href":"https:\/\/singuli.wpress.me\/index.php\/wp-json\/wp\/v2\/types\/product"}],"version-history":[{"count":0,"href":"https:\/\/singuli.wpress.me\/index.php\/wp-json\/wp\/v2\/product\/41614\/revisions"}],"wp:attachment":[{"href":"https:\/\/singuli.wpress.me\/index.php\/wp-json\/wp\/v2\/media?parent=41614"}],"wp:term":[{"taxonomy":"product_brand","embeddable":true,"href":"https:\/\/singuli.wpress.me\/index.php\/wp-json\/wp\/v2\/product_brand?post=41614"},{"taxonomy":"product_cat","embeddable":true,"href":"https:\/\/singuli.wpress.me\/index.php\/wp-json\/wp\/v2\/product_cat?post=41614"},{"taxonomy":"product_tag","embeddable":true,"href":"https:\/\/singuli.wpress.me\/index.php\/wp-json\/wp\/v2\/product_tag?post=41614"}],"curies":[{"name":"wp","href":"https:\/\/api.w.org\/{rel}","templated":true}]}}