{"id":41615,"date":"2026-04-19T15:22:46","date_gmt":"2026-04-19T15:22:46","guid":{"rendered":"https:\/\/singuli.wpress.me\/index.php\/proizvod\/bison-epoxy-metal-ljepilo-24-ml\/"},"modified":"2026-04-20T12:33:39","modified_gmt":"2026-04-20T12:33:39","slug":"bison-epoxy-metal-ljepilo-24-ml","status":"publish","type":"product","link":"https:\/\/singuli.wpress.me\/index.php\/proizvod\/bison-epoxy-metal-ljepilo-24-ml\/","title":{"rendered":"BISON Epoxy Metal, ljepilo, 24\u00a0ml"},"content":{"rendered":"<p>Otporno dvokomponentno epoksidno ljepilo u boji metala. <\/p>\n<p>Za popravke u ekstremnim uvjetima.<\/p>\n<p>Idealno za sna\u017ene popravke metalnih predmeta koji trebaju podnositi ekstremne uvjete (sile, vibracije, (morsku) vodu, veliko optere\u0107enje), kao \u0161to su alati, dijelovi automobila, motori, motocikli, bicikli, metalne (dvori\u0161ne) ograde i pribor za jelo. Prikladno i za brtvljenje malih rupa na radijatorima. Prikladno za lijepljenje metala (\u010delik, aluminij, \u017eeljezo) me\u0111usobno i u kombinaciji s kamenom, drvetom, betonom i raznim sinteti\u010dkim materijalima (kao \u0161to su formica, poliester i bakelit).<\/p>\n<p>Nije prikladno za Polietilen (PE), polipropilen (PP), PTFE i silikonska guma.<\/p>\n","protected":false},"excerpt":{"rendered":"<p>Ljepilo u boji metala<br \/>\nOtporno na (morsku) vodu<br \/>\nVrlo dobra otpornost na kemikalije<\/p>\n","protected":false},"featured_media":0,"template":"","meta":{"_seopress_robots_primary_cat":"","_seopress_titles_title":"","_seopress_titles_desc":"","_seopress_robots_index":"","iawp_total_views":0},"product_brand":[494],"product_cat":[264,238],"product_tag":[],"class_list":{"0":"post-41615","1":"product","2":"type-product","3":"status-publish","5":"product_brand-bison","6":"product_cat-ljepila-i-brtvila-238","7":"product_cat-sve-za-dom","9":"first","10":"instock","11":"shipping-taxable","12":"purchasable","13":"product-type-simple"},"_links":{"self":[{"href":"https:\/\/singuli.wpress.me\/index.php\/wp-json\/wp\/v2\/product\/41615","targetHints":{"allow":["GET"]}}],"collection":[{"href":"https:\/\/singuli.wpress.me\/index.php\/wp-json\/wp\/v2\/product"}],"about":[{"href":"https:\/\/singuli.wpress.me\/index.php\/wp-json\/wp\/v2\/types\/product"}],"version-history":[{"count":0,"href":"https:\/\/singuli.wpress.me\/index.php\/wp-json\/wp\/v2\/product\/41615\/revisions"}],"wp:attachment":[{"href":"https:\/\/singuli.wpress.me\/index.php\/wp-json\/wp\/v2\/media?parent=41615"}],"wp:term":[{"taxonomy":"product_brand","embeddable":true,"href":"https:\/\/singuli.wpress.me\/index.php\/wp-json\/wp\/v2\/product_brand?post=41615"},{"taxonomy":"product_cat","embeddable":true,"href":"https:\/\/singuli.wpress.me\/index.php\/wp-json\/wp\/v2\/product_cat?post=41615"},{"taxonomy":"product_tag","embeddable":true,"href":"https:\/\/singuli.wpress.me\/index.php\/wp-json\/wp\/v2\/product_tag?post=41615"}],"curies":[{"name":"wp","href":"https:\/\/api.w.org\/{rel}","templated":true}]}}