{"id":41616,"date":"2026-04-19T15:22:46","date_gmt":"2026-04-19T15:22:46","guid":{"rendered":"https:\/\/singuli.wpress.me\/index.php\/proizvod\/plantaze-cabernet-crveno-vino-0-75-l\/"},"modified":"2026-04-20T12:33:39","modified_gmt":"2026-04-20T12:33:39","slug":"plantaze-cabernet-crveno-vino-0-75-l","status":"publish","type":"product","link":"https:\/\/singuli.wpress.me\/index.php\/proizvod\/plantaze-cabernet-crveno-vino-0-75-l\/","title":{"rendered":"PLANTA\u017dE Cabernet, crveno vino, 0.75\u00a0l"},"content":{"rendered":"<p>Vrhunsko suho crno vino<\/p>\n<p>Prepoznatljive tamne, rubin crvene boje. <\/p>\n<p>Mirisno slatkaste arome kupine, crnog ribizla i vi\u0161nje, dopunjeno notama crnog bibera, a okusno veoma zaokru\u017eeno sa svje\u017eom zavr\u0161nicom.<\/p>\n<p>Temperatura serviranja: 16-18\u00b0C <\/p>\n<p>Slaganje uz hranu: Savr\u0161en partner uz sna\u017ena, masnija i dobro za\u010dinjena jela od crvenog mesa i divlja\u010di te pr\u0161ut i zrele masne sireve.<\/p>\n","protected":false},"excerpt":{"rendered":"<p>Vrhunsko suho crveno vino<br \/>\nMirisno slatkaste arome kupine, crnog ribizla i vi\u0161nje, dopunjeno notama crnog bibera, a okusno veoma zaokru\u017eeno sa svje\u017eom zavr\u0161nicom<br \/>\nTemperatura serviranja: 16-18\u00b0C<\/p>\n","protected":false},"featured_media":0,"template":"","meta":{"_seopress_robots_primary_cat":"","_seopress_titles_title":"","_seopress_titles_desc":"","_seopress_robots_index":"","iawp_total_views":0},"product_brand":[508],"product_cat":[298,261],"product_tag":[],"class_list":{"0":"post-41616","1":"product","2":"type-product","3":"status-publish","5":"product_brand-plantaze","6":"product_cat-alkoholna-pica-261","7":"product_cat-hrana-i-pice","9":"first","10":"instock","11":"shipping-taxable","12":"purchasable","13":"product-type-simple"},"_links":{"self":[{"href":"https:\/\/singuli.wpress.me\/index.php\/wp-json\/wp\/v2\/product\/41616","targetHints":{"allow":["GET"]}}],"collection":[{"href":"https:\/\/singuli.wpress.me\/index.php\/wp-json\/wp\/v2\/product"}],"about":[{"href":"https:\/\/singuli.wpress.me\/index.php\/wp-json\/wp\/v2\/types\/product"}],"version-history":[{"count":0,"href":"https:\/\/singuli.wpress.me\/index.php\/wp-json\/wp\/v2\/product\/41616\/revisions"}],"wp:attachment":[{"href":"https:\/\/singuli.wpress.me\/index.php\/wp-json\/wp\/v2\/media?parent=41616"}],"wp:term":[{"taxonomy":"product_brand","embeddable":true,"href":"https:\/\/singuli.wpress.me\/index.php\/wp-json\/wp\/v2\/product_brand?post=41616"},{"taxonomy":"product_cat","embeddable":true,"href":"https:\/\/singuli.wpress.me\/index.php\/wp-json\/wp\/v2\/product_cat?post=41616"},{"taxonomy":"product_tag","embeddable":true,"href":"https:\/\/singuli.wpress.me\/index.php\/wp-json\/wp\/v2\/product_tag?post=41616"}],"curies":[{"name":"wp","href":"https:\/\/api.w.org\/{rel}","templated":true}]}}