{"id":41620,"date":"2026-04-19T15:22:47","date_gmt":"2026-04-19T15:22:47","guid":{"rendered":"https:\/\/singuli.wpress.me\/index.php\/proizvod\/always-discreet-normal-ulosci-za-inkotinenciju-44-kom\/"},"modified":"2026-04-20T12:33:39","modified_gmt":"2026-04-20T12:33:39","slug":"always-discreet-normal-ulosci-za-inkotinenciju-44-kom","status":"publish","type":"product","link":"https:\/\/singuli.wpress.me\/index.php\/proizvod\/always-discreet-normal-ulosci-za-inkotinenciju-44-kom\/","title":{"rendered":"ALWAYS Discreet Normal, ulo\u0161ci za inkotinenciju, 44\u00a0kom"},"content":{"rendered":"<p>Tanki ulo\u0161ci Always Discreet Normal, 44 komada. Za trenutke kada vam treba malo dodatne za\u0161tite tu su tanki ulo\u0161ci za inkontinenciju Always Discreet. Njihova pouzdana tehnologija Odour Lock pru\u017ea svje\u017einu i daje vam samopouzdanje na koje se mo\u017eete osloniti. U slu\u010daju urinarne inkontinencije isprobajte tanke ulo\u0161ke Always Discreet za slab mjehur. Dostupni su u veli\u010dinama Normal, Long i Long Plus.<\/p>\n","protected":false},"excerpt":{"rendered":"<p>Osje\u0107aj suho\u0107e.<br \/>\nNeutralizacija neugodnih mirisa.<br \/>\nUlo\u0161ci za urinarnu inkotinenciju.<\/p>\n","protected":false},"featured_media":0,"template":"","meta":{"_seopress_robots_primary_cat":"","_seopress_titles_title":"","_seopress_titles_desc":"","_seopress_robots_index":"","iawp_total_views":0},"product_brand":[449],"product_cat":[211,288],"product_tag":[],"class_list":{"0":"post-41620","1":"product","2":"type-product","3":"status-publish","5":"product_brand-always","6":"product_cat-njega-majke-i-djeteta","7":"product_cat-zenska-higijena-211","9":"first","10":"outofstock","11":"shipping-taxable","12":"purchasable","13":"product-type-simple"},"_links":{"self":[{"href":"https:\/\/singuli.wpress.me\/index.php\/wp-json\/wp\/v2\/product\/41620","targetHints":{"allow":["GET"]}}],"collection":[{"href":"https:\/\/singuli.wpress.me\/index.php\/wp-json\/wp\/v2\/product"}],"about":[{"href":"https:\/\/singuli.wpress.me\/index.php\/wp-json\/wp\/v2\/types\/product"}],"version-history":[{"count":0,"href":"https:\/\/singuli.wpress.me\/index.php\/wp-json\/wp\/v2\/product\/41620\/revisions"}],"wp:attachment":[{"href":"https:\/\/singuli.wpress.me\/index.php\/wp-json\/wp\/v2\/media?parent=41620"}],"wp:term":[{"taxonomy":"product_brand","embeddable":true,"href":"https:\/\/singuli.wpress.me\/index.php\/wp-json\/wp\/v2\/product_brand?post=41620"},{"taxonomy":"product_cat","embeddable":true,"href":"https:\/\/singuli.wpress.me\/index.php\/wp-json\/wp\/v2\/product_cat?post=41620"},{"taxonomy":"product_tag","embeddable":true,"href":"https:\/\/singuli.wpress.me\/index.php\/wp-json\/wp\/v2\/product_tag?post=41620"}],"curies":[{"name":"wp","href":"https:\/\/api.w.org\/{rel}","templated":true}]}}