{"id":41621,"date":"2026-04-19T15:22:47","date_gmt":"2026-04-19T15:22:47","guid":{"rendered":"https:\/\/singuli.wpress.me\/index.php\/proizvod\/spirax-s2-a-80w90-osovinsko-ulje-209-l\/"},"modified":"2026-04-20T12:33:39","modified_gmt":"2026-04-20T12:33:39","slug":"spirax-s2-a-80w90-osovinsko-ulje-209-l","status":"publish","type":"product","link":"https:\/\/singuli.wpress.me\/index.php\/proizvod\/spirax-s2-a-80w90-osovinsko-ulje-209-l\/","title":{"rendered":"SPIRAX S2 A 80W90 , osovinsko ulje, 209\u00a0l"},"content":{"rendered":"<p>Ulje prilago\u0111eno je podmazivanju brojnih tipova osovina koje rade u te\u0161kim uvjetima. Posebno odabrani aditivi pru\u017eaju dobru za\u0161titu od tro\u0161enja i korozije te oksidacijsku stabilnost. Karakterizira ga visoka kvaliteta baznog ulja i dobra tecljivost pri niskim temperaturama u predvi\u0111enom temperaturnom rasponu, otporna na oksidaciju, pru\u017eaju postojan uljni film izme\u0111u zubaca zup\u010danika. Glavne primjene su u automobilskim prijenosima i diferencijalima, srednje do te\u0161ko optere\u0107enim mjenja\u010dima u stacionarnoj i ostaloj prate\u0107oj opremi, u mjena\u010dkim kutijama motocikala koje su odvojene od motora kao i u automobilskim mjenja\u010dima koji rade u uvjetima velika brzina\/udarna optere\u0107enja, velika brzina\/mali okretni moment.<\/p>\n<p>Specifikacija: API GL-5<\/p>\n","protected":false},"excerpt":{"rendered":"<p>Tecljivost pri niskim temperaturama<br \/>\nGlavne primjene su u automobilskim prijenosima i diferencijalima, srednje do te\u0161ko optere\u0107enim mjenja\u010dima&#8230;<br \/>\nGL-5 osovinsko ulje<\/p>\n","protected":false},"featured_media":0,"template":"","meta":{"_seopress_robots_primary_cat":"","_seopress_titles_title":"","_seopress_titles_desc":"","_seopress_robots_index":"","iawp_total_views":0},"product_brand":[371],"product_cat":[243,276],"product_tag":[],"class_list":{"0":"post-41621","1":"product","2":"type-product","3":"status-publish","5":"product_brand-spirax","6":"product_cat-automobili-i-motori","7":"product_cat-industrijska-i-specijalna-ulja-243","9":"first","10":"instock","11":"shipping-taxable","12":"purchasable","13":"product-type-simple"},"_links":{"self":[{"href":"https:\/\/singuli.wpress.me\/index.php\/wp-json\/wp\/v2\/product\/41621","targetHints":{"allow":["GET"]}}],"collection":[{"href":"https:\/\/singuli.wpress.me\/index.php\/wp-json\/wp\/v2\/product"}],"about":[{"href":"https:\/\/singuli.wpress.me\/index.php\/wp-json\/wp\/v2\/types\/product"}],"version-history":[{"count":0,"href":"https:\/\/singuli.wpress.me\/index.php\/wp-json\/wp\/v2\/product\/41621\/revisions"}],"wp:attachment":[{"href":"https:\/\/singuli.wpress.me\/index.php\/wp-json\/wp\/v2\/media?parent=41621"}],"wp:term":[{"taxonomy":"product_brand","embeddable":true,"href":"https:\/\/singuli.wpress.me\/index.php\/wp-json\/wp\/v2\/product_brand?post=41621"},{"taxonomy":"product_cat","embeddable":true,"href":"https:\/\/singuli.wpress.me\/index.php\/wp-json\/wp\/v2\/product_cat?post=41621"},{"taxonomy":"product_tag","embeddable":true,"href":"https:\/\/singuli.wpress.me\/index.php\/wp-json\/wp\/v2\/product_tag?post=41621"}],"curies":[{"name":"wp","href":"https:\/\/api.w.org\/{rel}","templated":true}]}}