{"id":41623,"date":"2026-04-19T15:22:48","date_gmt":"2026-04-19T15:22:48","guid":{"rendered":"https:\/\/singuli.wpress.me\/index.php\/proizvod\/old-spice-deep-sea-dezodorans-u-sticku-50-ml\/"},"modified":"2026-04-20T12:33:39","modified_gmt":"2026-04-20T12:33:39","slug":"old-spice-deep-sea-dezodorans-u-sticku-50-ml","status":"publish","type":"product","link":"https:\/\/singuli.wpress.me\/index.php\/proizvod\/old-spice-deep-sea-dezodorans-u-sticku-50-ml\/","title":{"rendered":"OLD SPICE Deep Sea, dezodorans u sticku, 50\u00a0ml"},"content":{"rendered":"<p>Dogodi se svaki put. Pritisak je sna\u017ean. Poku\u0161ava\u0161 se sjetiti treba li prerezati plavu ili crvenu \u017eicu da bi spasio svijet, a netko uvijek do\u0111e i ka\u017ee ti da smrdi\u0161. Nemoj biti taj tip. Spasi svijet, bez smrada. Spasi svijet uz mu\u0161ki dezodorans u stiku Old Spice. Pridru\u017ei se vrhunskoj pustolovini bez neugodnih mirisa.<\/p>\n","protected":false},"excerpt":{"rendered":"<p>Tehnologija cjelodnevnog mirisa<br \/>\nMo\u0107no nadja\u010dava neugodne mirise<br \/>\nZa\u0161tita od bijelih i \u017eutih mrlja<\/p>\n","protected":false},"featured_media":0,"template":"","meta":{"_seopress_robots_primary_cat":"","_seopress_titles_title":"","_seopress_titles_desc":"","_seopress_robots_index":"","iawp_total_views":0},"product_brand":[448],"product_cat":[285,268],"product_tag":[],"class_list":{"0":"post-41623","1":"product","2":"type-product","3":"status-publish","5":"product_brand-old-spice","6":"product_cat-dezodoransi-268","7":"product_cat-kozmetika-2","9":"first","10":"instock","11":"shipping-taxable","12":"purchasable","13":"product-type-simple"},"_links":{"self":[{"href":"https:\/\/singuli.wpress.me\/index.php\/wp-json\/wp\/v2\/product\/41623","targetHints":{"allow":["GET"]}}],"collection":[{"href":"https:\/\/singuli.wpress.me\/index.php\/wp-json\/wp\/v2\/product"}],"about":[{"href":"https:\/\/singuli.wpress.me\/index.php\/wp-json\/wp\/v2\/types\/product"}],"version-history":[{"count":0,"href":"https:\/\/singuli.wpress.me\/index.php\/wp-json\/wp\/v2\/product\/41623\/revisions"}],"wp:attachment":[{"href":"https:\/\/singuli.wpress.me\/index.php\/wp-json\/wp\/v2\/media?parent=41623"}],"wp:term":[{"taxonomy":"product_brand","embeddable":true,"href":"https:\/\/singuli.wpress.me\/index.php\/wp-json\/wp\/v2\/product_brand?post=41623"},{"taxonomy":"product_cat","embeddable":true,"href":"https:\/\/singuli.wpress.me\/index.php\/wp-json\/wp\/v2\/product_cat?post=41623"},{"taxonomy":"product_tag","embeddable":true,"href":"https:\/\/singuli.wpress.me\/index.php\/wp-json\/wp\/v2\/product_tag?post=41623"}],"curies":[{"name":"wp","href":"https:\/\/api.w.org\/{rel}","templated":true}]}}