{"id":41630,"date":"2026-04-19T15:22:50","date_gmt":"2026-04-19T15:22:50","guid":{"rendered":"https:\/\/singuli.wpress.me\/index.php\/proizvod\/laica-ps2025-osobna-mehanicka-vaga\/"},"modified":"2026-04-20T12:33:39","modified_gmt":"2026-04-20T12:33:39","slug":"laica-ps2025-osobna-mehanicka-vaga","status":"publish","type":"product","link":"https:\/\/singuli.wpress.me\/index.php\/proizvod\/laica-ps2025-osobna-mehanicka-vaga\/","title":{"rendered":"LAICA PS2025, osobna mehani\u010dka vaga"},"content":{"rendered":"<p>Laica analogne vage omogu\u0107uju jednostavno rukovanje, preciznost i dugotrajnu kvalitetu bez potrebe za baterijama. Povr\u0161ina platforme vage je velika, lako se \u010disti i ne klizi.<\/p>\n","protected":false},"excerpt":{"rendered":"<p>Jednostavan rad, preciznost i dugotrajna kvaliteta bez baterija.<br \/>\nNosivost 160 kg i to\u010dnost prikaza do 1 kg.<br \/>\nVelika platforma i \u010ditljiv broj\u010danik.<\/p>\n","protected":false},"featured_media":0,"template":"","meta":{"_seopress_robots_primary_cat":"","_seopress_titles_title":"","_seopress_titles_desc":"","_seopress_robots_index":"","iawp_total_views":0},"product_brand":[148],"product_cat":[160,308],"product_tag":[],"class_list":{"0":"post-41630","1":"product","2":"type-product","3":"status-publish","5":"product_brand-laica","6":"product_cat-mali-kucanski-aparati","7":"product_cat-osobne-vage-160","9":"first","10":"outofstock","11":"shipping-taxable","12":"purchasable","13":"product-type-simple"},"_links":{"self":[{"href":"https:\/\/singuli.wpress.me\/index.php\/wp-json\/wp\/v2\/product\/41630","targetHints":{"allow":["GET"]}}],"collection":[{"href":"https:\/\/singuli.wpress.me\/index.php\/wp-json\/wp\/v2\/product"}],"about":[{"href":"https:\/\/singuli.wpress.me\/index.php\/wp-json\/wp\/v2\/types\/product"}],"version-history":[{"count":0,"href":"https:\/\/singuli.wpress.me\/index.php\/wp-json\/wp\/v2\/product\/41630\/revisions"}],"wp:attachment":[{"href":"https:\/\/singuli.wpress.me\/index.php\/wp-json\/wp\/v2\/media?parent=41630"}],"wp:term":[{"taxonomy":"product_brand","embeddable":true,"href":"https:\/\/singuli.wpress.me\/index.php\/wp-json\/wp\/v2\/product_brand?post=41630"},{"taxonomy":"product_cat","embeddable":true,"href":"https:\/\/singuli.wpress.me\/index.php\/wp-json\/wp\/v2\/product_cat?post=41630"},{"taxonomy":"product_tag","embeddable":true,"href":"https:\/\/singuli.wpress.me\/index.php\/wp-json\/wp\/v2\/product_tag?post=41630"}],"curies":[{"name":"wp","href":"https:\/\/api.w.org\/{rel}","templated":true}]}}