{"id":41634,"date":"2026-04-19T15:22:51","date_gmt":"2026-04-19T15:22:51","guid":{"rendered":"https:\/\/singuli.wpress.me\/index.php\/proizvod\/braun-combipack-52b-zamjenska-mrezica-i-noz\/"},"modified":"2026-04-20T12:33:39","modified_gmt":"2026-04-20T12:33:39","slug":"braun-combipack-52b-zamjenska-mrezica-i-noz","status":"publish","type":"product","link":"https:\/\/singuli.wpress.me\/index.php\/proizvod\/braun-combipack-52b-zamjenska-mrezica-i-noz\/","title":{"rendered":"BRAUN Combipack 52B, zamjenska mre\u017eica i no\u017e"},"content":{"rendered":"<p><span style=\"font-weight: bold\">Braun Combipack 52B<\/span> (Series 5) je mre\u017eica in no\u017e za brivnik.<\/p>\n<p>Mre\u017eico in no\u017e je priporo\u010dljivo menjati vsakih 18 mesecev, saj se pri povpre\u010dni uporabi v tem \u010dasu odstrani pribli\u017eno 6.000.000 dla\u010dic, kar no\u017e in mre\u017eico obrabi. <\/p>\n<p>Kje najdete \u0161tevilko va\u0161ega aparata: Na zadnji strani aparata, na ohi\u0161ju aparata pod blokom z no\u017ei ali pod nastavkom za prirezovalnikom dalj\u0161ih dlak <\/p>\n<p>Primerno za modele: <br \/>\n&#8211; 5020s<br \/>\n&#8211; 5030s<br \/>\n&#8211; 5050cc<br \/>\n&#8211; 5070cc<br \/>\n&#8211; 5090cc<\/p>\n","protected":false},"excerpt":{"rendered":"<p>Odgovara modelima: 5020s, 5030s, 5050cc, 5070cc i 5090cc.<br \/>\nBraun preporu\u010duje zamjenu glave brija\u010da svakih 18 mjeseci.<br \/>\nJednostavna zamjena.<\/p>\n","protected":false},"featured_media":0,"template":"","meta":{"_seopress_robots_primary_cat":"","_seopress_titles_title":"","_seopress_titles_desc":"","_seopress_robots_index":"","iawp_total_views":0},"product_brand":[144],"product_cat":[280,192,279],"product_tag":[],"class_list":{"0":"post-41634","1":"product","2":"type-product","3":"status-publish","5":"product_brand-braun","6":"product_cat-aparati-za-muskarce-279","7":"product_cat-aparati-za-osobnu-njegu","8":"product_cat-brijanje-i-sisanje-192","10":"first","11":"outofstock","12":"shipping-taxable","13":"purchasable","14":"product-type-simple"},"_links":{"self":[{"href":"https:\/\/singuli.wpress.me\/index.php\/wp-json\/wp\/v2\/product\/41634","targetHints":{"allow":["GET"]}}],"collection":[{"href":"https:\/\/singuli.wpress.me\/index.php\/wp-json\/wp\/v2\/product"}],"about":[{"href":"https:\/\/singuli.wpress.me\/index.php\/wp-json\/wp\/v2\/types\/product"}],"version-history":[{"count":0,"href":"https:\/\/singuli.wpress.me\/index.php\/wp-json\/wp\/v2\/product\/41634\/revisions"}],"wp:attachment":[{"href":"https:\/\/singuli.wpress.me\/index.php\/wp-json\/wp\/v2\/media?parent=41634"}],"wp:term":[{"taxonomy":"product_brand","embeddable":true,"href":"https:\/\/singuli.wpress.me\/index.php\/wp-json\/wp\/v2\/product_brand?post=41634"},{"taxonomy":"product_cat","embeddable":true,"href":"https:\/\/singuli.wpress.me\/index.php\/wp-json\/wp\/v2\/product_cat?post=41634"},{"taxonomy":"product_tag","embeddable":true,"href":"https:\/\/singuli.wpress.me\/index.php\/wp-json\/wp\/v2\/product_tag?post=41634"}],"curies":[{"name":"wp","href":"https:\/\/api.w.org\/{rel}","templated":true}]}}