{"id":41635,"date":"2026-04-19T15:22:51","date_gmt":"2026-04-19T15:22:51","guid":{"rendered":"https:\/\/singuli.wpress.me\/index.php\/proizvod\/braun-fs-1000-mini-epilator-za-lice\/"},"modified":"2026-04-20T12:33:39","modified_gmt":"2026-04-20T12:33:39","slug":"braun-fs-1000-mini-epilator-za-lice","status":"publish","type":"product","link":"https:\/\/singuli.wpress.me\/index.php\/proizvod\/braun-fs-1000-mini-epilator-za-lice\/","title":{"rendered":"BRAUN FS 1000, mini epilator za lice"},"content":{"rendered":"<p>Mini epilator za lice Braun FS1000, za \u017eene, za uklanjanje dla\u010dica i kad ste u pokretu<\/p>\n<p>Istaknute zna\u010dajke:<br \/>\n\u2022 GLATKA KO\u017dA: temeljito i precizno brije dla\u010dice uz samu ko\u017eu, za lak\u0161e nano\u0161enje \u0161minke<br \/>\n\u2022 NJE\u017dAN I DISKRETAN: stvoren za u\u010dinkovito i nje\u017eno uklanjanje dla\u010dica s lica kod \u017eena<br \/>\n\u2022 BRZ I PRAKTI\u010cAN: mini veli\u010dina za u\u010dinkovito uklanjanje dla\u010dica bilo kada i bilo gdje<br \/>\n\u2022 PRECIZAN: bolje uo\u010davanje dla\u010dica uz pomo\u0107 ugra\u0111enog svjetla Smartlight<br \/>\n\u2022 SVESTRAN: ovaj se ure\u0111aj lako koristi i na najzahtjevnijim dijelovima lica<\/p>\n<p>Brzo i jednostavno uklanjanje dla\u010dica na licu<br \/>\nBraunov mini epilator za lice posebno je osmi\u0161ljen za jednostavnu upotrebu bez ikakvih komplikacija \u2013 omogu\u0107uje nje\u017eno i lako uklanjanje dla\u010dica i kod ku\u0107e i kad ste u pokretu.<\/p>\n<p>Smartlight<br \/>\nUgra\u0111eno svjetlo Smartlight poma\u017ee uo\u010diti i ukloniti \u010dak i najfinije dla\u010dice. Za glatke i ujedna\u010dene rezultate.<\/p>\n<p>Laka upotreba i na zahtjevnim podru\u010djima<br \/>\nLako uklonite dla\u010dice s podru\u010dja poput nausnice, brade i obraza. Zaobljeni dizajn ovog ure\u0111aja prati va\u0161u ko\u017eu, za brzo i u\u010dinkovito uklanjanje dla\u010dica \u010dak i pod najzahtjevnijim kutom.<\/p>\n<p>Nje\u017ean prema ko\u017ei<br \/>\nKru\u017eni sustav podrezivanja i za\u0161titna mre\u017eica nje\u017eno i sigurno uklanjaju dla\u010dice, za bolju ugodnost za ko\u017eu.<\/p>\n<p>Lako nano\u0161enje \u0161minke<br \/>\nOvaj ure\u0111aj podrezuje dla\u010dice odmah uz ko\u017eu, zagla\u0111uju\u0107i va\u0161e lice kako biste mogli \u0161to lak\u0161e nanijeti \u0161minku. Za besprijekoran make-up ujedna\u010dene teksture.<\/p>\n<p>Nevjerojatno malen, nevjerojatno koristan<br \/>\nMinijaturna veli\u010dina za maksimalnu prakti\u010dnost. Samo ga ubacite u torbicu i bit \u0107e vam pri ruci kad god i gdje god ga zatrebate.<\/p>\n<p>Suptilan dizajn<br \/>\nKompaktan dizajn ovog ure\u0111aja omogu\u0107uje diskretnu upotrebu, kad god vam zatreba malo brzinskog dotjerivanja.<\/p>\n<p>Dizajniran u Njema\u010dkoj<br \/>\nS vi\u0161e od 50 godina njema\u010dke stru\u010dnosti u uklanjanju dla\u010dica, ovaj je ure\u0111aj dizajniran za u\u010dinkovito i nje\u017eno uklanjanje dla\u010dica na licu.<\/p>\n<p>Opis proizvoda:<br \/>\nElegantni mini epilator za nje\u017eno uklanjanje dla\u010dica sa \u017eenskog lica, pru\u017ea brze i temeljite rezultate. Podrezuje dla\u010dice odmah uz ko\u017eu, ostavljaju\u0107i lice glatkim, ujedna\u010dene povr\u0161ine, bez sitnih dla\u010dica. Brzo i nje\u017eno uklanjanje dla\u010dica: bilo kada i bilo gdje.<\/p>\n<p>Sadr\u017eaj pakiranja:<br \/>\n1x mini epilator<br \/>\n1x bijeli poklopac<br \/>\n1x \u010detkica za \u010di\u0161\u0107enje<br \/>\n1x AA baterija<\/p>\n","protected":false},"excerpt":{"rendered":"<p>Mini epilator za nje\u017eno uklanjanje dla\u010dica sa \u017eenskog lica, pru\u017ea brze i temeljite rezultate<br \/>\nMinijaturna veli\u010dina epilatora za maksimalnu prakti\u010dnost.<br \/>\nKru\u017eni sustav podrezivanja i za\u0161titna mre\u017eica nje\u017eno i sigurno uklanjaju dla\u010dice, za bolju ugodnost za ko\u017eu<\/p>\n","protected":false},"featured_media":0,"template":"","meta":{"_seopress_robots_primary_cat":"","_seopress_titles_title":"","_seopress_titles_desc":"","_seopress_robots_index":"","iawp_total_views":0},"product_brand":[144],"product_cat":[192,282,281],"product_tag":[],"class_list":{"0":"post-41635","1":"product","2":"type-product","3":"status-publish","5":"product_brand-braun","6":"product_cat-aparati-za-osobnu-njegu","7":"product_cat-aparati-za-zene-281","8":"product_cat-epilatori-i-ipl-192","10":"first","11":"instock","12":"shipping-taxable","13":"purchasable","14":"product-type-simple"},"_links":{"self":[{"href":"https:\/\/singuli.wpress.me\/index.php\/wp-json\/wp\/v2\/product\/41635","targetHints":{"allow":["GET"]}}],"collection":[{"href":"https:\/\/singuli.wpress.me\/index.php\/wp-json\/wp\/v2\/product"}],"about":[{"href":"https:\/\/singuli.wpress.me\/index.php\/wp-json\/wp\/v2\/types\/product"}],"version-history":[{"count":0,"href":"https:\/\/singuli.wpress.me\/index.php\/wp-json\/wp\/v2\/product\/41635\/revisions"}],"wp:attachment":[{"href":"https:\/\/singuli.wpress.me\/index.php\/wp-json\/wp\/v2\/media?parent=41635"}],"wp:term":[{"taxonomy":"product_brand","embeddable":true,"href":"https:\/\/singuli.wpress.me\/index.php\/wp-json\/wp\/v2\/product_brand?post=41635"},{"taxonomy":"product_cat","embeddable":true,"href":"https:\/\/singuli.wpress.me\/index.php\/wp-json\/wp\/v2\/product_cat?post=41635"},{"taxonomy":"product_tag","embeddable":true,"href":"https:\/\/singuli.wpress.me\/index.php\/wp-json\/wp\/v2\/product_tag?post=41635"}],"curies":[{"name":"wp","href":"https:\/\/api.w.org\/{rel}","templated":true}]}}