{"id":41638,"date":"2026-04-19T15:22:53","date_gmt":"2026-04-19T15:22:53","guid":{"rendered":"https:\/\/singuli.wpress.me\/index.php\/proizvod\/barbie-lutka-uciteljica\/"},"modified":"2026-04-21T00:27:11","modified_gmt":"2026-04-21T00:27:11","slug":"barbie-lutka-uciteljica","status":"publish","type":"product","link":"https:\/\/singuli.wpress.me\/index.php\/proizvod\/barbie-lutka-uciteljica\/","title":{"rendered":"BARBIE, lutka, u\u010diteljica"},"content":{"rendered":"<p>Barbie u\u010diteljica poma\u017ee svojim u\u010denicima uz 10 dodataka nastavi!<\/p>\n<p>Nau\u010dite zemljopis uz pomo\u0107 globusa ili istra\u017eite biologiju uz pomo\u0107 mikroskopa. Ili bi radije napravili neki pokus u kemiji koriste\u0107i dvije tikvice i dvije \u010da\u0161e.<\/p>\n<p>Zatim sve to zabilje\u017eite, prou\u010dite i ocijenite pomo\u0107u plo\u010de, knjige i prijenosnog ra\u010dunala.<\/p>\n<p>Istra\u017eite sve Barbie Budi \u0161to \u017eeli\u0161 lutke jer kad se djevoj\u010dica igra s Barbie, ona zami\u0161lja \u0161to sve mo\u017ee postati.<\/p>\n","protected":false},"excerpt":{"rendered":"<p>Sadr\u017ei 10 dodataka<br \/>\nIstra\u017ei sve &#8220;Barbie budi \u0161to \u017eeli\u0161&#8221; lutke<br \/>\nBarbie mo\u017ee sve<\/p>\n","protected":false},"featured_media":0,"template":"","meta":{"_seopress_robots_primary_cat":"","_seopress_titles_title":"","_seopress_titles_desc":"","_seopress_robots_index":"","iawp_total_views":0},"product_brand":[324],"product_cat":[221,291],"product_tag":[],"class_list":{"0":"post-41638","1":"product","2":"type-product","3":"status-publish","5":"product_brand-barbie","6":"product_cat-igracke","7":"product_cat-igracke-za-djecu-221","9":"first","10":"instock","11":"shipping-taxable","12":"purchasable","13":"product-type-simple"},"_links":{"self":[{"href":"https:\/\/singuli.wpress.me\/index.php\/wp-json\/wp\/v2\/product\/41638","targetHints":{"allow":["GET"]}}],"collection":[{"href":"https:\/\/singuli.wpress.me\/index.php\/wp-json\/wp\/v2\/product"}],"about":[{"href":"https:\/\/singuli.wpress.me\/index.php\/wp-json\/wp\/v2\/types\/product"}],"version-history":[{"count":0,"href":"https:\/\/singuli.wpress.me\/index.php\/wp-json\/wp\/v2\/product\/41638\/revisions"}],"wp:attachment":[{"href":"https:\/\/singuli.wpress.me\/index.php\/wp-json\/wp\/v2\/media?parent=41638"}],"wp:term":[{"taxonomy":"product_brand","embeddable":true,"href":"https:\/\/singuli.wpress.me\/index.php\/wp-json\/wp\/v2\/product_brand?post=41638"},{"taxonomy":"product_cat","embeddable":true,"href":"https:\/\/singuli.wpress.me\/index.php\/wp-json\/wp\/v2\/product_cat?post=41638"},{"taxonomy":"product_tag","embeddable":true,"href":"https:\/\/singuli.wpress.me\/index.php\/wp-json\/wp\/v2\/product_tag?post=41638"}],"curies":[{"name":"wp","href":"https:\/\/api.w.org\/{rel}","templated":true}]}}