{"id":41641,"date":"2026-04-19T15:22:54","date_gmt":"2026-04-19T15:22:54","guid":{"rendered":"https:\/\/singuli.wpress.me\/index.php\/proizvod\/lenor-fresh-air-effect-fresh-wind-omeksivac-70-pranja-980-ml\/"},"modified":"2026-04-20T12:33:39","modified_gmt":"2026-04-20T12:33:39","slug":"lenor-fresh-air-effect-fresh-wind-omeksivac-70-pranja-980-ml","status":"publish","type":"product","link":"https:\/\/singuli.wpress.me\/index.php\/proizvod\/lenor-fresh-air-effect-fresh-wind-omeksivac-70-pranja-980-ml\/","title":{"rendered":"LENOR Fresh Air Effect Fresh Wind, omek\u0161iva\u010d, 70 pranja, 980\u00a0ml"},"content":{"rendered":"<p>U\u017eivajte u rublju svje\u017eem kao da ste ga su\u0161ili vani na svje\u017eem zraku, \u010dak i kad ga su\u0161ite u ku\u0107i. <\/p>\n<p>Ultrakoncentrirana formula omek\u0161iva\u010da Lenor Fresh Air Effect koncentriranija je u odnosu na ostale Lenorove omek\u0161iva\u010de i pru\u017ea vam 36* pranja u maloj boci. <\/p>\n<p>Zahvaljuju\u0107i inovativnoj tehnologiji, trebate samo malu dozu kako bi rublje bilo svje\u017ee kao da se su\u0161ilo na svje\u017eem zraku, bez obzira na vremenske prilike. <\/p>\n<p>Lenor Fresh Air Effect Fresh Wind ima svje\u017e i energi\u010dan miris s notama mora, blagodatima citrusa i svje\u017einom vjetra. <\/p>\n<p>Boca je izra\u0111ena od 100 % recikliranog materijala (osim \u010depa, otvora za izlijevanje i omota) i plastike koja se mo\u017ee reciklirati (osim omota).<\/p>\n<p> Lenor Fresh Air Effect razvijen je u suradnji s potro\u0161a\u010dima kako bi pru\u017eio osje\u0107aj svje\u017eine kao kad se rublje su\u0161i vani na svje\u017eem zraku, a nastavlja otpu\u0161tati svje\u017einu kad je rublje tek osu\u0161eno, kad je u ormaru, pa \u010dak i kad se kre\u0107ete.<\/p>\n","protected":false},"excerpt":{"rendered":"<p>Omek\u0161avaju\u0107a formula s izrazito koncentriranom svje\u017einom<br \/>\nMiris Fresh Wind s notama mora, dobrotom citrusnog vo\u0107a i \u010distim vjetrom<br \/>\n\u0160titi od izblje\u0111ivanja, nakupljanja i istezanja tijekom pranja<\/p>\n","protected":false},"featured_media":0,"template":"","meta":{"_seopress_robots_primary_cat":"","_seopress_titles_title":"","_seopress_titles_desc":"","_seopress_robots_index":"","iawp_total_views":0},"product_brand":[446],"product_cat":[283,238],"product_tag":[],"class_list":{"0":"post-41641","1":"product","2":"type-product","3":"status-publish","5":"product_brand-lenor","6":"product_cat-pranje-rublja-238","7":"product_cat-sve-za-dom","9":"first","10":"outofstock","11":"shipping-taxable","12":"purchasable","13":"product-type-simple"},"_links":{"self":[{"href":"https:\/\/singuli.wpress.me\/index.php\/wp-json\/wp\/v2\/product\/41641","targetHints":{"allow":["GET"]}}],"collection":[{"href":"https:\/\/singuli.wpress.me\/index.php\/wp-json\/wp\/v2\/product"}],"about":[{"href":"https:\/\/singuli.wpress.me\/index.php\/wp-json\/wp\/v2\/types\/product"}],"version-history":[{"count":0,"href":"https:\/\/singuli.wpress.me\/index.php\/wp-json\/wp\/v2\/product\/41641\/revisions"}],"wp:attachment":[{"href":"https:\/\/singuli.wpress.me\/index.php\/wp-json\/wp\/v2\/media?parent=41641"}],"wp:term":[{"taxonomy":"product_brand","embeddable":true,"href":"https:\/\/singuli.wpress.me\/index.php\/wp-json\/wp\/v2\/product_brand?post=41641"},{"taxonomy":"product_cat","embeddable":true,"href":"https:\/\/singuli.wpress.me\/index.php\/wp-json\/wp\/v2\/product_cat?post=41641"},{"taxonomy":"product_tag","embeddable":true,"href":"https:\/\/singuli.wpress.me\/index.php\/wp-json\/wp\/v2\/product_tag?post=41641"}],"curies":[{"name":"wp","href":"https:\/\/api.w.org\/{rel}","templated":true}]}}