{"id":41653,"date":"2026-04-19T15:22:59","date_gmt":"2026-04-19T15:22:59","guid":{"rendered":"https:\/\/singuli.wpress.me\/index.php\/proizvod\/spirax-s2-als-90-osovinsko-ulje-209-l\/"},"modified":"2026-04-20T12:33:39","modified_gmt":"2026-04-20T12:33:39","slug":"spirax-s2-als-90-osovinsko-ulje-209-l","status":"publish","type":"product","link":"https:\/\/singuli.wpress.me\/index.php\/proizvod\/spirax-s2-als-90-osovinsko-ulje-209-l\/","title":{"rendered":"SPIRAX S2 ALS 90 , osovinsko ulje, 209\u00a0l"},"content":{"rendered":"<p>Vrlo kvalitetno GL-5 osovinsko ulje za diferencijale s ograni\u010denim proklizavanjem. Spirax S2 ALS 90 ulje prilago\u0111eno je podmazivanju brojnih tipova osovina s diferencijalima ograni\u010denog proklizavanja (Limited Slip). Posebno odabrani aditivi daju dobru za\u0161titu od tro\u0161enja i korozije te pru\u017eaju oksidacijsku i toplinsku stabilnost kao i odre\u0111eni koeficijent trenja potreban zbog zahtjeva diferencijala sa ograni\u010denim proklizavanjem. Zahvaljuju\u0107i visokoj kvaliteti baznog ulja odr\u017eavaju visoku tecljivost pri niskim temperaturama u predvi\u0111enom temperaturnom rasponu, te su otporna na oksidaciju. Glavne primjene su u automobilskim sustavima pogona, prikladna su za te\u0161ka vozila uklju\u010duju\u0107i gra\u0111evinske strojeve ili autobuse te osobne automobile s ugra\u0111enim diferencijalom ograni\u010denog proklizavanja (Limited Slip). Mogu se koristiti i u drugim srednje do te\u0161ko optere\u0107enim zup\u010dastim prijenosima koji dozvoljavaju kori\u0161tenje modificiranog hipoidnog ulja.<\/p>\n<p>Specifikacija: API GL-5, diferencijali s ograni\u010denim proklizavanjem (Limited Slip)<\/p>\n","protected":false},"excerpt":{"rendered":"<p>Tecljivost pri niskim temperaturama<br \/>\nGlavne primjene su u automobilskim sustavima pogona, gra\u0111evinskim strojevima i autobusima te osobnim automobilima s ugra\u0111enim diferencijalom ograni\u010denog proklizavanja<br \/>\nGL-5 osovinsko ulje za diferencijale s ograni\u010denim proklizavanjem<\/p>\n","protected":false},"featured_media":0,"template":"","meta":{"_seopress_robots_primary_cat":"","_seopress_titles_title":"","_seopress_titles_desc":"","_seopress_robots_index":"","iawp_total_views":0},"product_brand":[371],"product_cat":[243,276],"product_tag":[],"class_list":{"0":"post-41653","1":"product","2":"type-product","3":"status-publish","5":"product_brand-spirax","6":"product_cat-automobili-i-motori","7":"product_cat-industrijska-i-specijalna-ulja-243","9":"first","10":"outofstock","11":"shipping-taxable","12":"purchasable","13":"product-type-simple"},"_links":{"self":[{"href":"https:\/\/singuli.wpress.me\/index.php\/wp-json\/wp\/v2\/product\/41653","targetHints":{"allow":["GET"]}}],"collection":[{"href":"https:\/\/singuli.wpress.me\/index.php\/wp-json\/wp\/v2\/product"}],"about":[{"href":"https:\/\/singuli.wpress.me\/index.php\/wp-json\/wp\/v2\/types\/product"}],"version-history":[{"count":0,"href":"https:\/\/singuli.wpress.me\/index.php\/wp-json\/wp\/v2\/product\/41653\/revisions"}],"wp:attachment":[{"href":"https:\/\/singuli.wpress.me\/index.php\/wp-json\/wp\/v2\/media?parent=41653"}],"wp:term":[{"taxonomy":"product_brand","embeddable":true,"href":"https:\/\/singuli.wpress.me\/index.php\/wp-json\/wp\/v2\/product_brand?post=41653"},{"taxonomy":"product_cat","embeddable":true,"href":"https:\/\/singuli.wpress.me\/index.php\/wp-json\/wp\/v2\/product_cat?post=41653"},{"taxonomy":"product_tag","embeddable":true,"href":"https:\/\/singuli.wpress.me\/index.php\/wp-json\/wp\/v2\/product_tag?post=41653"}],"curies":[{"name":"wp","href":"https:\/\/api.w.org\/{rel}","templated":true}]}}