{"id":41654,"date":"2026-04-19T15:22:59","date_gmt":"2026-04-19T15:22:59","guid":{"rendered":"https:\/\/singuli.wpress.me\/index.php\/proizvod\/barbie-modni-ormar-s-lutkom-i-dodacima\/"},"modified":"2026-04-20T12:33:39","modified_gmt":"2026-04-20T12:33:39","slug":"barbie-modni-ormar-s-lutkom-i-dodacima","status":"publish","type":"product","link":"https:\/\/singuli.wpress.me\/index.php\/proizvod\/barbie-modni-ormar-s-lutkom-i-dodacima\/","title":{"rendered":"BARBIE, modni ormar, s lutkom i dodacima"},"content":{"rendered":"<p>Spakiraj Barbie za svijet mogu\u0107nosti!<\/p>\n<p>Barbie vrhunski ormar je jednostavno nositi pomo\u0107u ru\u010dke za no\u0161enje, a dolazi s odje\u0107om i modnim dodacima za stvaranje mnogobrojnih pri\u010da.<\/p>\n<p>Napravljen u Barbie stilu, ru\u017ei\u010dasti ormar ima prozirna vrata kako bi mogla zaviriti u njega. Kako bi modna zabava mogla odmah zapo\u010deti, uz ormar dolazi i Barbie lutka odjevena u cvijetni kombinezon i cipele zajedno s modernom odje\u0107om i modnim dodacima za kreiranje razli\u010ditih modnih kombinacija.<\/p>\n<p>Dvije haljine su savr\u0161ene za dnevne ili ve\u010dernje kombinacije. Dva para cipela, dvije ogrlice i dvije torbice mogu promijeniti izgled u trenu. \u0160est uklju\u010denih vje\u0161alica poma\u017ee da sva odje\u0107a bude uredna, a dovoljno mjesta je namijenjeno i modnim dodacima.<\/p>\n<p>Djevoj\u010dice ormar lako mogu ponijeti sa sobom gdje god i\u0161le, jer kad se djevoj\u010dice igraju s Barbie, one zami\u0161ljaju \u0161to sve mogu postati kada narastu. <\/p>\n","protected":false},"excerpt":{"rendered":"<p>Dolazi s odje\u0107om i modnim dodacima<br \/>\nSadr\u017ei vi\u0161e komponenti<br \/>\nDob: 3+god<\/p>\n","protected":false},"featured_media":0,"template":"","meta":{"_seopress_robots_primary_cat":"","_seopress_titles_title":"","_seopress_titles_desc":"","_seopress_robots_index":"","iawp_total_views":0},"product_brand":[324],"product_cat":[221,291],"product_tag":[],"class_list":{"0":"post-41654","1":"product","2":"type-product","3":"status-publish","5":"product_brand-barbie","6":"product_cat-igracke","7":"product_cat-igracke-za-djecu-221","9":"first","10":"instock","11":"shipping-taxable","12":"purchasable","13":"product-type-simple"},"_links":{"self":[{"href":"https:\/\/singuli.wpress.me\/index.php\/wp-json\/wp\/v2\/product\/41654","targetHints":{"allow":["GET"]}}],"collection":[{"href":"https:\/\/singuli.wpress.me\/index.php\/wp-json\/wp\/v2\/product"}],"about":[{"href":"https:\/\/singuli.wpress.me\/index.php\/wp-json\/wp\/v2\/types\/product"}],"version-history":[{"count":0,"href":"https:\/\/singuli.wpress.me\/index.php\/wp-json\/wp\/v2\/product\/41654\/revisions"}],"wp:attachment":[{"href":"https:\/\/singuli.wpress.me\/index.php\/wp-json\/wp\/v2\/media?parent=41654"}],"wp:term":[{"taxonomy":"product_brand","embeddable":true,"href":"https:\/\/singuli.wpress.me\/index.php\/wp-json\/wp\/v2\/product_brand?post=41654"},{"taxonomy":"product_cat","embeddable":true,"href":"https:\/\/singuli.wpress.me\/index.php\/wp-json\/wp\/v2\/product_cat?post=41654"},{"taxonomy":"product_tag","embeddable":true,"href":"https:\/\/singuli.wpress.me\/index.php\/wp-json\/wp\/v2\/product_tag?post=41654"}],"curies":[{"name":"wp","href":"https:\/\/api.w.org\/{rel}","templated":true}]}}