{"id":41655,"date":"2026-04-19T15:23:00","date_gmt":"2026-04-19T15:23:00","guid":{"rendered":"https:\/\/singuli.wpress.me\/index.php\/proizvod\/lenor-fresh-meadow-omeksivac-45-pranja-1-36-l\/"},"modified":"2026-04-21T00:27:11","modified_gmt":"2026-04-21T00:27:11","slug":"lenor-fresh-meadow-omeksivac-45-pranja-1-36-l","status":"publish","type":"product","link":"https:\/\/singuli.wpress.me\/index.php\/proizvod\/lenor-fresh-meadow-omeksivac-45-pranja-1-36-l\/","title":{"rendered":"LENOR Fresh Meadow, omek\u0161iva\u010d, 45 pranja, 1.36\u00a0l"},"content":{"rendered":"<p>Uz omek\u0161iva\u010d rublja Lenor Fresh Meadow s biljim sastojcima za meko\u0107u osje\u0107at \u0107ete se dobro u svakoj tkanini uz najbolju Lenorovu svje\u017einu do sada. <\/p>\n<p>Pru\u017ea dugotrajnu svje\u017einu do tjedan dana, bo\u017eanstvenu meko\u0107u i omogu\u0107uje lako gla\u010danje. <\/p>\n<p>Udahnite \u010disti miris prirode. Osvje\u017eavaju\u0107i miris nadahnut \u010distim notama \u0111ur\u0111ice. <\/p>\n<p>Boca je izra\u0111ena od 100% reciklirane plastike i mo\u017ee se ponovno reciklirati. <\/p>\n<p>Koristite u kombinaciji s deterd\u017eentom Lenor za dubinsko \u010di\u0161\u0107enje i uskla\u0111en miris.<\/p>\n","protected":false},"excerpt":{"rendered":"<p>Biljnim sastojcima za meko\u0107u<br \/>\nBoca je izra\u0111ena od 100 % reciklirane plastike i mo\u017ee se ponovno reciklirati<br \/>\nDermatolo\u0161ki ispitano<\/p>\n","protected":false},"featured_media":0,"template":"","meta":{"_seopress_robots_primary_cat":"","_seopress_titles_title":"","_seopress_titles_desc":"","_seopress_robots_index":"","iawp_total_views":0},"product_brand":[446],"product_cat":[283,238],"product_tag":[],"class_list":{"0":"post-41655","1":"product","2":"type-product","3":"status-publish","5":"product_brand-lenor","6":"product_cat-pranje-rublja-238","7":"product_cat-sve-za-dom","9":"first","10":"outofstock","11":"shipping-taxable","12":"purchasable","13":"product-type-simple"},"_links":{"self":[{"href":"https:\/\/singuli.wpress.me\/index.php\/wp-json\/wp\/v2\/product\/41655","targetHints":{"allow":["GET"]}}],"collection":[{"href":"https:\/\/singuli.wpress.me\/index.php\/wp-json\/wp\/v2\/product"}],"about":[{"href":"https:\/\/singuli.wpress.me\/index.php\/wp-json\/wp\/v2\/types\/product"}],"version-history":[{"count":0,"href":"https:\/\/singuli.wpress.me\/index.php\/wp-json\/wp\/v2\/product\/41655\/revisions"}],"wp:attachment":[{"href":"https:\/\/singuli.wpress.me\/index.php\/wp-json\/wp\/v2\/media?parent=41655"}],"wp:term":[{"taxonomy":"product_brand","embeddable":true,"href":"https:\/\/singuli.wpress.me\/index.php\/wp-json\/wp\/v2\/product_brand?post=41655"},{"taxonomy":"product_cat","embeddable":true,"href":"https:\/\/singuli.wpress.me\/index.php\/wp-json\/wp\/v2\/product_cat?post=41655"},{"taxonomy":"product_tag","embeddable":true,"href":"https:\/\/singuli.wpress.me\/index.php\/wp-json\/wp\/v2\/product_tag?post=41655"}],"curies":[{"name":"wp","href":"https:\/\/api.w.org\/{rel}","templated":true}]}}