{"id":41664,"date":"2026-04-19T15:23:01","date_gmt":"2026-04-19T15:23:01","guid":{"rendered":"https:\/\/singuli.wpress.me\/index.php\/proizvod\/twistshake-anti-colic-teat-small-sisac-srednji-2m\/"},"modified":"2026-04-20T12:33:39","modified_gmt":"2026-04-20T12:33:39","slug":"twistshake-anti-colic-teat-small-sisac-srednji-2m","status":"publish","type":"product","link":"https:\/\/singuli.wpress.me\/index.php\/proizvod\/twistshake-anti-colic-teat-small-sisac-srednji-2m\/","title":{"rendered":"TWISTSHAKE Anti-colic Teat Small, sisa\u010d, srednji 2+m"},"content":{"rendered":"<p>Twistshake Anti-Colic Teat Medium 2+m sisa\u010d za prirodni prijelaz izme\u0111u dojenja na hranjenje bo\u010dicom. Twistshake sisa\u010d protiv kolika je oblikovan po modelu dojki, \u0161to omogu\u0107uje lak\u0161i prelazak hranjenja s dojenja na bo\u010dicu.  Dolazi u veli\u010dini M(2+m) \u0161to je primjereno od drugog mjeseca nadalje.<\/p>\n","protected":false},"excerpt":{"rendered":"<p>Sisa\u010d protiv kolika<br \/>\nLak\u0161i prelazak hranjenja s dojenja na bo\u010dicu<br \/>\nVeli\u010dina M (2+m)<\/p>\n","protected":false},"featured_media":0,"template":"","meta":{"_seopress_robots_primary_cat":"","_seopress_titles_title":"","_seopress_titles_desc":"","_seopress_robots_index":"","iawp_total_views":0},"product_brand":[433],"product_cat":[211,286,287],"product_tag":[],"class_list":{"0":"post-41664","1":"product","2":"type-product","3":"status-publish","5":"product_brand-twistshake","6":"product_cat-njega-majke-i-djeteta","7":"product_cat-oprema-za-bebe-211","8":"product_cat-za-bebe-286","10":"first","11":"instock","12":"shipping-taxable","13":"purchasable","14":"product-type-simple"},"_links":{"self":[{"href":"https:\/\/singuli.wpress.me\/index.php\/wp-json\/wp\/v2\/product\/41664","targetHints":{"allow":["GET"]}}],"collection":[{"href":"https:\/\/singuli.wpress.me\/index.php\/wp-json\/wp\/v2\/product"}],"about":[{"href":"https:\/\/singuli.wpress.me\/index.php\/wp-json\/wp\/v2\/types\/product"}],"version-history":[{"count":0,"href":"https:\/\/singuli.wpress.me\/index.php\/wp-json\/wp\/v2\/product\/41664\/revisions"}],"wp:attachment":[{"href":"https:\/\/singuli.wpress.me\/index.php\/wp-json\/wp\/v2\/media?parent=41664"}],"wp:term":[{"taxonomy":"product_brand","embeddable":true,"href":"https:\/\/singuli.wpress.me\/index.php\/wp-json\/wp\/v2\/product_brand?post=41664"},{"taxonomy":"product_cat","embeddable":true,"href":"https:\/\/singuli.wpress.me\/index.php\/wp-json\/wp\/v2\/product_cat?post=41664"},{"taxonomy":"product_tag","embeddable":true,"href":"https:\/\/singuli.wpress.me\/index.php\/wp-json\/wp\/v2\/product_tag?post=41664"}],"curies":[{"name":"wp","href":"https:\/\/api.w.org\/{rel}","templated":true}]}}