{"id":41665,"date":"2026-04-19T15:23:02","date_gmt":"2026-04-19T15:23:02","guid":{"rendered":"https:\/\/singuli.wpress.me\/index.php\/proizvod\/medex-elanosol-protect-balzam-za-usne-4-5-g\/"},"modified":"2026-04-20T12:33:39","modified_gmt":"2026-04-20T12:33:39","slug":"medex-elanosol-protect-balzam-za-usne-4-5-g","status":"publish","type":"product","link":"https:\/\/singuli.wpress.me\/index.php\/proizvod\/medex-elanosol-protect-balzam-za-usne-4-5-g\/","title":{"rendered":"MEDEX Elanosol Protect, balzam za usne, 4.5\u00a0g"},"content":{"rendered":"<p>Balzam za za\u0161titu usana u svim vremenskim uvjetima. Prirodni p\u010delinji vosak, propolis i med usne njeguju, vla\u017ee, hrane i \u0161tite od isu\u0161ivanja. \u0160tite ih od jakog sunca, hladno\u0107e, vjetra i suhog zraka. ZF 15 dopu\u0161ta petnaest puta du\u017eu izlo\u017eenost suncu nego bez za\u0161tite, te usne \u0161titi od UVA i UVB zraka. Dermatolo\u0161ki testirano. Bez parabena, parafina, sinteti\u010dkih mirisa, bojila i mineralnih ulja. Za svakodnevnu njegu. <\/p>\n<p><span style=\"font-weight: bold\">Na\u010din primjene:<\/span> Balzam  nanesite u tankom sloju na usne vi\u0161e puta na dan.<\/p>\n","protected":false},"excerpt":{"rendered":"<p>Prirodna za\u0161tita usana<br \/>\nUsne njeguje te ih \u0161titi od jakog sunca, hladno\u0107e, vjetra i suhog zraka<br \/>\nS dodatnim za\u0161titnim faktorom ZF 15 te UVA i UVB za\u0161titom<\/p>\n","protected":false},"featured_media":0,"template":"","meta":{"_seopress_robots_primary_cat":"","_seopress_titles_title":"","_seopress_titles_desc":"","_seopress_robots_index":"","iawp_total_views":0},"product_brand":[415],"product_cat":[268,269],"product_tag":[],"class_list":{"0":"post-41665","1":"product","2":"type-product","3":"status-publish","5":"product_brand-medex","6":"product_cat-kozmetika-2","7":"product_cat-zastita-koze-268","9":"first","10":"instock","11":"shipping-taxable","12":"purchasable","13":"product-type-simple"},"_links":{"self":[{"href":"https:\/\/singuli.wpress.me\/index.php\/wp-json\/wp\/v2\/product\/41665","targetHints":{"allow":["GET"]}}],"collection":[{"href":"https:\/\/singuli.wpress.me\/index.php\/wp-json\/wp\/v2\/product"}],"about":[{"href":"https:\/\/singuli.wpress.me\/index.php\/wp-json\/wp\/v2\/types\/product"}],"version-history":[{"count":0,"href":"https:\/\/singuli.wpress.me\/index.php\/wp-json\/wp\/v2\/product\/41665\/revisions"}],"wp:attachment":[{"href":"https:\/\/singuli.wpress.me\/index.php\/wp-json\/wp\/v2\/media?parent=41665"}],"wp:term":[{"taxonomy":"product_brand","embeddable":true,"href":"https:\/\/singuli.wpress.me\/index.php\/wp-json\/wp\/v2\/product_brand?post=41665"},{"taxonomy":"product_cat","embeddable":true,"href":"https:\/\/singuli.wpress.me\/index.php\/wp-json\/wp\/v2\/product_cat?post=41665"},{"taxonomy":"product_tag","embeddable":true,"href":"https:\/\/singuli.wpress.me\/index.php\/wp-json\/wp\/v2\/product_tag?post=41665"}],"curies":[{"name":"wp","href":"https:\/\/api.w.org\/{rel}","templated":true}]}}