{"id":41671,"date":"2026-04-19T15:23:04","date_gmt":"2026-04-19T15:23:04","guid":{"rendered":"https:\/\/singuli.wpress.me\/index.php\/proizvod\/bison-multi-tool-visenamjenski-alat-3u1\/"},"modified":"2026-04-20T12:33:39","modified_gmt":"2026-04-20T12:33:39","slug":"bison-multi-tool-visenamjenski-alat-3u1","status":"publish","type":"product","link":"https:\/\/singuli.wpress.me\/index.php\/proizvod\/bison-multi-tool-visenamjenski-alat-3u1\/","title":{"rendered":"BISON Multi Tool, vi\u0161enamjenski alat, 3u1"},"content":{"rendered":"<p>Prakti\u010dan vi\u0161enamjenski alat ima tri funkcije u jednoj. <\/p>\n<p>Ugra\u0111ena o\u0161trica mo\u017ee lako otvoriti zatvaranje rukava.<\/p>\n<p>O\u0161trica tako\u0111er omogu\u0107uje jednostavno rezanje mlaznice na \u017eeljeni promjer.<\/p>\n<p>Strana u obliku \u017elice je jednostavna za zavr\u0161nu obradu i uklanjanje vi\u0161ka brtvila.<\/p>\n<p>Kukasta strana je idealna za uklanjanje stvrdnutog brtvila.<\/p>\n<p>Prikladno za upotrebu sa svim brtvilima (kao \u0161to su silikonsko brtvilo, akrilno brtvilo, Poly Max\u00ae, BISON Universal).<\/p>\n","protected":false},"excerpt":{"rendered":"<p>Ugra\u0111ena o\u0161trica<br \/>\nJednostavno rezanje<br \/>\nIdealno za uklanjanje stvrdnutog brtvila<\/p>\n","protected":false},"featured_media":0,"template":"","meta":{"_seopress_robots_primary_cat":"","_seopress_titles_title":"","_seopress_titles_desc":"","_seopress_robots_index":"","iawp_total_views":0},"product_brand":[494],"product_cat":[264,238],"product_tag":[],"class_list":{"0":"post-41671","1":"product","2":"type-product","3":"status-publish","5":"product_brand-bison","6":"product_cat-ljepila-i-brtvila-238","7":"product_cat-sve-za-dom","9":"first","10":"instock","11":"shipping-taxable","12":"purchasable","13":"product-type-simple"},"_links":{"self":[{"href":"https:\/\/singuli.wpress.me\/index.php\/wp-json\/wp\/v2\/product\/41671","targetHints":{"allow":["GET"]}}],"collection":[{"href":"https:\/\/singuli.wpress.me\/index.php\/wp-json\/wp\/v2\/product"}],"about":[{"href":"https:\/\/singuli.wpress.me\/index.php\/wp-json\/wp\/v2\/types\/product"}],"version-history":[{"count":0,"href":"https:\/\/singuli.wpress.me\/index.php\/wp-json\/wp\/v2\/product\/41671\/revisions"}],"wp:attachment":[{"href":"https:\/\/singuli.wpress.me\/index.php\/wp-json\/wp\/v2\/media?parent=41671"}],"wp:term":[{"taxonomy":"product_brand","embeddable":true,"href":"https:\/\/singuli.wpress.me\/index.php\/wp-json\/wp\/v2\/product_brand?post=41671"},{"taxonomy":"product_cat","embeddable":true,"href":"https:\/\/singuli.wpress.me\/index.php\/wp-json\/wp\/v2\/product_cat?post=41671"},{"taxonomy":"product_tag","embeddable":true,"href":"https:\/\/singuli.wpress.me\/index.php\/wp-json\/wp\/v2\/product_tag?post=41671"}],"curies":[{"name":"wp","href":"https:\/\/api.w.org\/{rel}","templated":true}]}}