{"id":41673,"date":"2026-04-19T15:23:04","date_gmt":"2026-04-19T15:23:04","guid":{"rendered":"https:\/\/singuli.wpress.me\/index.php\/proizvod\/laica-bc1005-sterilizator\/"},"modified":"2026-04-20T12:33:39","modified_gmt":"2026-04-20T12:33:39","slug":"laica-bc1005-sterilizator","status":"publish","type":"product","link":"https:\/\/singuli.wpress.me\/index.php\/proizvod\/laica-bc1005-sterilizator\/","title":{"rendered":"LAICA BC1005, sterilizator"},"content":{"rendered":"<p>Elektri\u010dni parni sterilizator je potpuno automatski ure\u0111aj koji sterilizira do 6 bo\u010dica u isto vrijeme. Ovim sterilizatorom mo\u017eete jednostavno i u\u010dinkovito o\u010distiti dje\u010dje bo\u010dice i dudice kao i druge sitnice kao \u0161to su grickalice i igra\u010dke.<\/p>\n","protected":false},"excerpt":{"rendered":"<p>Sterilizira do 6 boca u isto vrijeme<br \/>\nJednostavno i u\u010dinkovito o\u010distite dje\u010dje bo\u010dice i dude<br \/>\nOmogu\u0107uje brzu sterilizaciju za oko 10 minuta<\/p>\n","protected":false},"featured_media":0,"template":"","meta":{"_seopress_robots_primary_cat":"","_seopress_titles_title":"","_seopress_titles_desc":"","_seopress_robots_index":"","iawp_total_views":0},"product_brand":[148],"product_cat":[211,286],"product_tag":[],"class_list":{"0":"post-41673","1":"product","2":"type-product","3":"status-publish","5":"product_brand-laica","6":"product_cat-njega-majke-i-djeteta","7":"product_cat-oprema-za-bebe-211","9":"first","10":"outofstock","11":"shipping-taxable","12":"purchasable","13":"product-type-simple"},"_links":{"self":[{"href":"https:\/\/singuli.wpress.me\/index.php\/wp-json\/wp\/v2\/product\/41673","targetHints":{"allow":["GET"]}}],"collection":[{"href":"https:\/\/singuli.wpress.me\/index.php\/wp-json\/wp\/v2\/product"}],"about":[{"href":"https:\/\/singuli.wpress.me\/index.php\/wp-json\/wp\/v2\/types\/product"}],"version-history":[{"count":0,"href":"https:\/\/singuli.wpress.me\/index.php\/wp-json\/wp\/v2\/product\/41673\/revisions"}],"wp:attachment":[{"href":"https:\/\/singuli.wpress.me\/index.php\/wp-json\/wp\/v2\/media?parent=41673"}],"wp:term":[{"taxonomy":"product_brand","embeddable":true,"href":"https:\/\/singuli.wpress.me\/index.php\/wp-json\/wp\/v2\/product_brand?post=41673"},{"taxonomy":"product_cat","embeddable":true,"href":"https:\/\/singuli.wpress.me\/index.php\/wp-json\/wp\/v2\/product_cat?post=41673"},{"taxonomy":"product_tag","embeddable":true,"href":"https:\/\/singuli.wpress.me\/index.php\/wp-json\/wp\/v2\/product_tag?post=41673"}],"curies":[{"name":"wp","href":"https:\/\/api.w.org\/{rel}","templated":true}]}}