{"id":41674,"date":"2026-04-19T15:23:05","date_gmt":"2026-04-19T15:23:05","guid":{"rendered":"https:\/\/singuli.wpress.me\/index.php\/proizvod\/naturelle-s4-gear-fl-150-biorazgradljivo-ulje-209-l\/"},"modified":"2026-04-20T12:33:39","modified_gmt":"2026-04-20T12:33:39","slug":"naturelle-s4-gear-fl-150-biorazgradljivo-ulje-209-l","status":"publish","type":"product","link":"https:\/\/singuli.wpress.me\/index.php\/proizvod\/naturelle-s4-gear-fl-150-biorazgradljivo-ulje-209-l\/","title":{"rendered":"NATURELLE S4 GEAR FL 150, biorazgradljivo ulje, 209\u00a0l"},"content":{"rendered":"<p>Biorazgradivo sinteti\u010dko ulje za zup\u010danike i le\u017eajeve posebne namjene. Proizveden od potpuno zasi\u0107enih estera, dizajniran da nudi vrhunske performanse no\u0161enja tereta, a istovremeno je lako biorazgradiv s niskom ekotoksi\u010dno\u0161\u0107u. Ekolo\u0161ki prihvatljivo mazivo (EAL) prema definicijama op\u0107e dozvole EPA Vessel General Permit 2013.<\/p>\n<p><span style=\"font-weight: bold\">Specifikacija:<\/span> DIN 51517-3-CLP, ISO 3448 VG 68\/100\/150, sukladno USA EPA VGP, ISO 14635 A20\/8.3\/90&gt;13, Holland Roerpropeller (ZF), Sperry Marine, SKF Blohm &amp; Voss, Wartsila, Aegir Marine, James Walker Seals. Ecolabel licence DE\/027\/290B.<\/p>\n","protected":false},"excerpt":{"rendered":"<p>Teku\u0107ina za uporabu u aplikacijama zup\u010danika<br \/>\nUporaba u aplikacijama zup\u010danika kao \u0161to su potisnici i pogoni<br \/>\nBiorazgradivo s niskom ekotoksi\u010dno\u0161\u0107u<\/p>\n","protected":false},"featured_media":0,"template":"","meta":{"_seopress_robots_primary_cat":"","_seopress_titles_title":"","_seopress_titles_desc":"","_seopress_robots_index":"","iawp_total_views":0},"product_brand":[872],"product_cat":[243,276],"product_tag":[],"class_list":{"0":"post-41674","1":"product","2":"type-product","3":"status-publish","5":"product_brand-naturelle","6":"product_cat-automobili-i-motori","7":"product_cat-industrijska-i-specijalna-ulja-243","9":"first","10":"outofstock","11":"shipping-taxable","12":"purchasable","13":"product-type-simple"},"_links":{"self":[{"href":"https:\/\/singuli.wpress.me\/index.php\/wp-json\/wp\/v2\/product\/41674","targetHints":{"allow":["GET"]}}],"collection":[{"href":"https:\/\/singuli.wpress.me\/index.php\/wp-json\/wp\/v2\/product"}],"about":[{"href":"https:\/\/singuli.wpress.me\/index.php\/wp-json\/wp\/v2\/types\/product"}],"version-history":[{"count":0,"href":"https:\/\/singuli.wpress.me\/index.php\/wp-json\/wp\/v2\/product\/41674\/revisions"}],"wp:attachment":[{"href":"https:\/\/singuli.wpress.me\/index.php\/wp-json\/wp\/v2\/media?parent=41674"}],"wp:term":[{"taxonomy":"product_brand","embeddable":true,"href":"https:\/\/singuli.wpress.me\/index.php\/wp-json\/wp\/v2\/product_brand?post=41674"},{"taxonomy":"product_cat","embeddable":true,"href":"https:\/\/singuli.wpress.me\/index.php\/wp-json\/wp\/v2\/product_cat?post=41674"},{"taxonomy":"product_tag","embeddable":true,"href":"https:\/\/singuli.wpress.me\/index.php\/wp-json\/wp\/v2\/product_tag?post=41674"}],"curies":[{"name":"wp","href":"https:\/\/api.w.org\/{rel}","templated":true}]}}