{"id":41679,"date":"2026-04-19T15:23:06","date_gmt":"2026-04-19T15:23:06","guid":{"rendered":"https:\/\/singuli.wpress.me\/index.php\/proizvod\/neutro-roberts-manneti-bio-fresh-dezodorans-u-spreju-fresco-150-ml\/"},"modified":"2026-04-20T12:33:39","modified_gmt":"2026-04-20T12:33:39","slug":"neutro-roberts-manneti-bio-fresh-dezodorans-u-spreju-fresco-150-ml","status":"publish","type":"product","link":"https:\/\/singuli.wpress.me\/index.php\/proizvod\/neutro-roberts-manneti-bio-fresh-dezodorans-u-spreju-fresco-150-ml\/","title":{"rendered":"NEUTRO ROBERTS Manneti Bio Fresh, dezodorans u spreju, Fresco, 150\u00a0ml"},"content":{"rendered":"<p>Neutro Roberts deo sprej Bio fresh donosi pouzdanu za\u0161titu od znojenja i neugodnih mirisa u trajanju do 48 sati. <\/p>\n<p>Blagotvorna formula oboga\u0107ena tradicionalnim uljem Tiare i arganom va\u0161oj \u0107e ko\u017ei pru\u017eiti intenzivnu hidrataciju tijekom \u010ditavog dana. <\/p>\n<p>Zahvaljuju\u0107i u\u010dinkovitoj hidrataciji ko\u017ea \u0107e postati ugodna i meka, a predivan osvje\u017eavaju\u0107i miris pratit \u0107e vas na svakom koraku. <\/p>\n<p>Neutro R.deo sprej Bio fresh ne sadr\u017ei alkohol i dermatolo\u0161ki je testiran.<\/p>\n","protected":false},"excerpt":{"rendered":"<p>Donosi 48 sati pouzdane za\u0161tite od znojenja<br \/>\nU\u010dinkovita formula s uljem Tiare i argana<br \/>\nIntenzivna hidratacija za svilenkasto meku ko\u017eu<\/p>\n","protected":false},"featured_media":0,"template":"","meta":{"_seopress_robots_primary_cat":"","_seopress_titles_title":"","_seopress_titles_desc":"","_seopress_robots_index":"","iawp_total_views":0},"product_brand":[412],"product_cat":[285,268],"product_tag":[],"class_list":{"0":"post-41679","1":"product","2":"type-product","3":"status-publish","5":"product_brand-neutro-roberts","6":"product_cat-dezodoransi-268","7":"product_cat-kozmetika-2","9":"first","10":"outofstock","11":"shipping-taxable","12":"purchasable","13":"product-type-simple"},"_links":{"self":[{"href":"https:\/\/singuli.wpress.me\/index.php\/wp-json\/wp\/v2\/product\/41679","targetHints":{"allow":["GET"]}}],"collection":[{"href":"https:\/\/singuli.wpress.me\/index.php\/wp-json\/wp\/v2\/product"}],"about":[{"href":"https:\/\/singuli.wpress.me\/index.php\/wp-json\/wp\/v2\/types\/product"}],"version-history":[{"count":0,"href":"https:\/\/singuli.wpress.me\/index.php\/wp-json\/wp\/v2\/product\/41679\/revisions"}],"wp:attachment":[{"href":"https:\/\/singuli.wpress.me\/index.php\/wp-json\/wp\/v2\/media?parent=41679"}],"wp:term":[{"taxonomy":"product_brand","embeddable":true,"href":"https:\/\/singuli.wpress.me\/index.php\/wp-json\/wp\/v2\/product_brand?post=41679"},{"taxonomy":"product_cat","embeddable":true,"href":"https:\/\/singuli.wpress.me\/index.php\/wp-json\/wp\/v2\/product_cat?post=41679"},{"taxonomy":"product_tag","embeddable":true,"href":"https:\/\/singuli.wpress.me\/index.php\/wp-json\/wp\/v2\/product_tag?post=41679"}],"curies":[{"name":"wp","href":"https:\/\/api.w.org\/{rel}","templated":true}]}}