{"id":41682,"date":"2026-04-19T15:23:06","date_gmt":"2026-04-19T15:23:06","guid":{"rendered":"https:\/\/singuli.wpress.me\/index.php\/proizvod\/disney-princ\/"},"modified":"2026-04-20T12:33:39","modified_gmt":"2026-04-20T12:33:39","slug":"disney-princ","status":"publish","type":"product","link":"https:\/\/singuli.wpress.me\/index.php\/proizvod\/disney-princ\/","title":{"rendered":"DISNEY, princ"},"content":{"rendered":"<p>Predstavljamo poznate prin\u010deve Disney animiranih igranih filmova, \u201eMala sirena\u201c i \u201eVrlo zapetljana pri\u010da\u201c.<\/p>\n<p>Prince Eric je sna\u017ean princ koji voli istra\u017eivati ocean i spreman je na avanture s princezom Ariel. Nosi prepoznatljivu bijelu ko\u0161ulju, hla\u010de i \u010dizme.<\/p>\n<p>Princ Flynn Rider je najtra\u017eeniji i naj\u0161armantiji bandit koji jedva \u010deka istra\u017eiti svijet sa Zlatokosom. Nosi odje\u0107u kao u animiranom igranom filmu koja se sastoji od hla\u010da, torbice za remen, cipela te ko\u0161ulje od tkanine. <\/p>\n<p>Igra\u010dka dolazi u vi\u0161e razli\u010ditih modela, a isporuka ovisi o njihovoj trenutnoj raspolo\u017eivosti.<\/p>\n","protected":false},"excerpt":{"rendered":"<p>Prin\u010devi Disney filmova<br \/>\nIgra\u010dka dolazi u vi\u0161e razli\u010ditih modela<br \/>\nisporuka ovisi o njihovoj trenutnoj raspolo\u017eivosti<\/p>\n","protected":false},"featured_media":0,"template":"","meta":{"_seopress_robots_primary_cat":"","_seopress_titles_title":"","_seopress_titles_desc":"","_seopress_robots_index":"","iawp_total_views":0},"product_brand":[522],"product_cat":[221,291],"product_tag":[],"class_list":{"0":"post-41682","1":"product","2":"type-product","3":"status-publish","5":"product_brand-disney","6":"product_cat-igracke","7":"product_cat-igracke-za-djecu-221","9":"first","10":"instock","11":"shipping-taxable","12":"purchasable","13":"product-type-simple"},"_links":{"self":[{"href":"https:\/\/singuli.wpress.me\/index.php\/wp-json\/wp\/v2\/product\/41682","targetHints":{"allow":["GET"]}}],"collection":[{"href":"https:\/\/singuli.wpress.me\/index.php\/wp-json\/wp\/v2\/product"}],"about":[{"href":"https:\/\/singuli.wpress.me\/index.php\/wp-json\/wp\/v2\/types\/product"}],"version-history":[{"count":0,"href":"https:\/\/singuli.wpress.me\/index.php\/wp-json\/wp\/v2\/product\/41682\/revisions"}],"wp:attachment":[{"href":"https:\/\/singuli.wpress.me\/index.php\/wp-json\/wp\/v2\/media?parent=41682"}],"wp:term":[{"taxonomy":"product_brand","embeddable":true,"href":"https:\/\/singuli.wpress.me\/index.php\/wp-json\/wp\/v2\/product_brand?post=41682"},{"taxonomy":"product_cat","embeddable":true,"href":"https:\/\/singuli.wpress.me\/index.php\/wp-json\/wp\/v2\/product_cat?post=41682"},{"taxonomy":"product_tag","embeddable":true,"href":"https:\/\/singuli.wpress.me\/index.php\/wp-json\/wp\/v2\/product_tag?post=41682"}],"curies":[{"name":"wp","href":"https:\/\/api.w.org\/{rel}","templated":true}]}}