{"id":41685,"date":"2026-04-19T15:23:08","date_gmt":"2026-04-19T15:23:08","guid":{"rendered":"https:\/\/singuli.wpress.me\/index.php\/proizvod\/make-it-real-diy-set-za-izradu-olovaka\/"},"modified":"2026-04-20T12:33:39","modified_gmt":"2026-04-20T12:33:39","slug":"make-it-real-diy-set-za-izradu-olovaka","status":"publish","type":"product","link":"https:\/\/singuli.wpress.me\/index.php\/proizvod\/make-it-real-diy-set-za-izradu-olovaka\/","title":{"rendered":"MAKE IT REAL, DIY set za izradu olovaka"},"content":{"rendered":"<p>Kreiraj 3 predivne olovke &#8211; o\u010daraj sebe i druge sa prekrasnim \u0161ljokicama i perlicama koje plutaju kroz olovku! <\/p>\n<p>Uklju\u010duje lijevak, 3 olovke, poklopce, dovoljno \u0161ljokica i perlica da napunite svaku olovku vi\u0161e od jednom.  <\/p>\n<p>Dob: 8+<\/p>\n","protected":false},"excerpt":{"rendered":"<p>Kreiraj 3 predivne olovke<br \/>\nKreativni set<br \/>\nDob: 8+<\/p>\n","protected":false},"featured_media":0,"template":"","meta":{"_seopress_robots_primary_cat":"","_seopress_titles_title":"","_seopress_titles_desc":"","_seopress_robots_index":"","iawp_total_views":0},"product_brand":[441],"product_cat":[274,238],"product_tag":[],"class_list":{"0":"post-41685","1":"product","2":"type-product","3":"status-publish","5":"product_brand-make-it-real","6":"product_cat-kucanski-pribor-238","7":"product_cat-sve-za-dom","9":"first","10":"instock","11":"shipping-taxable","12":"purchasable","13":"product-type-simple"},"_links":{"self":[{"href":"https:\/\/singuli.wpress.me\/index.php\/wp-json\/wp\/v2\/product\/41685","targetHints":{"allow":["GET"]}}],"collection":[{"href":"https:\/\/singuli.wpress.me\/index.php\/wp-json\/wp\/v2\/product"}],"about":[{"href":"https:\/\/singuli.wpress.me\/index.php\/wp-json\/wp\/v2\/types\/product"}],"version-history":[{"count":0,"href":"https:\/\/singuli.wpress.me\/index.php\/wp-json\/wp\/v2\/product\/41685\/revisions"}],"wp:attachment":[{"href":"https:\/\/singuli.wpress.me\/index.php\/wp-json\/wp\/v2\/media?parent=41685"}],"wp:term":[{"taxonomy":"product_brand","embeddable":true,"href":"https:\/\/singuli.wpress.me\/index.php\/wp-json\/wp\/v2\/product_brand?post=41685"},{"taxonomy":"product_cat","embeddable":true,"href":"https:\/\/singuli.wpress.me\/index.php\/wp-json\/wp\/v2\/product_cat?post=41685"},{"taxonomy":"product_tag","embeddable":true,"href":"https:\/\/singuli.wpress.me\/index.php\/wp-json\/wp\/v2\/product_tag?post=41685"}],"curies":[{"name":"wp","href":"https:\/\/api.w.org\/{rel}","templated":true}]}}