{"id":41692,"date":"2026-04-19T15:23:11","date_gmt":"2026-04-19T15:23:11","guid":{"rendered":"https:\/\/singuli.wpress.me\/index.php\/proizvod\/sdf-motorno-ulje-hydro-46-20-l\/"},"modified":"2026-04-20T12:33:39","modified_gmt":"2026-04-20T12:33:39","slug":"sdf-motorno-ulje-hydro-46-20-l","status":"publish","type":"product","link":"https:\/\/singuli.wpress.me\/index.php\/proizvod\/sdf-motorno-ulje-hydro-46-20-l\/","title":{"rendered":"SDF, motorno ulje, HYDRO 46, 20\u00a0l"},"content":{"rendered":"<p>Visokokvalitetno hidrauli\u010dko ulje, namijenjeno za aplikaciju u mobilnim hidrauli\u010dkim i hidrostati\u010dkim transmisijskim sustavima. Odlikuje ga termi\u010dka i oksidacijska stabilnost u prisutnosti zraka, vode i bakra. <\/p>\n<p>Specifikacije: Afnor NF-E 48-603, Bosch-Rexroth Ref. 17421-00, RD 220-1\/04.03, Denison HF-0, HF-1, HF-2, ISO 11158 HM, Swedish Standard SS 15 54 34 AM, Vickers I-286 S<\/p>\n","protected":false},"excerpt":{"rendered":"<p>Hidrauli\u010dko ulje namijenjeno za aplikaciju u mobilnim hidrauli\u010dkim i hidrostati\u010dkim transmisijskim sustavima<br \/>\nOdlikuje ga termi\u010dka stabilnost u prisutnosti zraka, vode i bakra<br \/>\nOdlikuje ga oksidacijska stabilnost u prisutnosti zraka, vode i bakra<\/p>\n","protected":false},"featured_media":0,"template":"","meta":{"_seopress_robots_primary_cat":"","_seopress_titles_title":"","_seopress_titles_desc":"","_seopress_robots_index":"","iawp_total_views":0},"product_brand":[816],"product_cat":[243,276],"product_tag":[],"class_list":{"0":"post-41692","1":"product","2":"type-product","3":"status-publish","5":"product_brand-sdf","6":"product_cat-automobili-i-motori","7":"product_cat-industrijska-i-specijalna-ulja-243","9":"first","10":"outofstock","11":"shipping-taxable","12":"purchasable","13":"product-type-simple"},"_links":{"self":[{"href":"https:\/\/singuli.wpress.me\/index.php\/wp-json\/wp\/v2\/product\/41692","targetHints":{"allow":["GET"]}}],"collection":[{"href":"https:\/\/singuli.wpress.me\/index.php\/wp-json\/wp\/v2\/product"}],"about":[{"href":"https:\/\/singuli.wpress.me\/index.php\/wp-json\/wp\/v2\/types\/product"}],"version-history":[{"count":0,"href":"https:\/\/singuli.wpress.me\/index.php\/wp-json\/wp\/v2\/product\/41692\/revisions"}],"wp:attachment":[{"href":"https:\/\/singuli.wpress.me\/index.php\/wp-json\/wp\/v2\/media?parent=41692"}],"wp:term":[{"taxonomy":"product_brand","embeddable":true,"href":"https:\/\/singuli.wpress.me\/index.php\/wp-json\/wp\/v2\/product_brand?post=41692"},{"taxonomy":"product_cat","embeddable":true,"href":"https:\/\/singuli.wpress.me\/index.php\/wp-json\/wp\/v2\/product_cat?post=41692"},{"taxonomy":"product_tag","embeddable":true,"href":"https:\/\/singuli.wpress.me\/index.php\/wp-json\/wp\/v2\/product_tag?post=41692"}],"curies":[{"name":"wp","href":"https:\/\/api.w.org\/{rel}","templated":true}]}}