{"id":41707,"date":"2026-04-19T15:23:14","date_gmt":"2026-04-19T15:23:14","guid":{"rendered":"https:\/\/singuli.wpress.me\/index.php\/proizvod\/rimula-r6-me-5w30-motorno-ulje-za-gospodarska-vozila-209-l\/"},"modified":"2026-04-20T12:33:39","modified_gmt":"2026-04-20T12:33:39","slug":"rimula-r6-me-5w30-motorno-ulje-za-gospodarska-vozila-209-l","status":"publish","type":"product","link":"https:\/\/singuli.wpress.me\/index.php\/proizvod\/rimula-r6-me-5w30-motorno-ulje-za-gospodarska-vozila-209-l\/","title":{"rendered":"RIMULA R6 ME 5W30 , motorno ulje za gospodarska vozila, 209\u00a0l"},"content":{"rendered":"<p>Sinteti\u010dko motorno ulje za dizelske motore gospodarskih vozila. <\/p>\n<p>Formulirano je na tehnologiji aktivne za\u0161tite i naprednoj tehnologiji vi\u0161efunkcionalnih aditiva da bi se postigla odgovaraju\u0107a za\u0161tita i fleksibilnost prilagodbe promjenjivim uvjetima rada va\u0161eg motora. <\/p>\n<p>Odabrana sinteti\u010dka bazna ulja niskog viskoziteta dodatno poja\u010davaju snagu za\u0161tite motornog ulja pru\u017eaju\u0107i beskompromisno pobolj\u0161anu u\u010dinkovitost u potro\u0161nji goriva. <\/p>\n<p>Shell Rimula R6 ME pru\u017ea izvrsnu za\u0161titu od tro\u0161enja koja nastaje zbog \u010da\u0111e i za\u0161titu od nastajanja taloga na klipovima i dijelovima motora, produljuju\u0107i intervale izmjene ulja \u0161to vam donosi u\u0161tedu u tro\u0161kovima odr\u017eavanja. <\/p>\n<p>Glavne primjene su za cestovna gospodarska vozila i za motore s niskom emisijom \u0161tetnih plinova koji zadovoljavaju norme Euro 2, Euro 3 te u odre\u0111enim primjenama motore Euro 4.<\/p>\n<p><span style=\"font-weight: bold\">Specifikacija:<\/span> MAN 3277, Iveco Standard TFE (zadovoljava Iveco specifikaciju), MB 228.5, MTU kategorija 3, Volvo VDS-3, ACEA E4, API CF, Scania LDF-3.<\/p>\n","protected":false},"excerpt":{"rendered":"<p>Smanjena potro\u0161nja goriva i produ\u017euje interval izmjene ulja<br \/>\nGlavne primjene su za cestovna vozila i za motore s niskom emisijom \u0161tetnih plinova<br \/>\nSpecifikacija u opisu<\/p>\n","protected":false},"featured_media":0,"template":"","meta":{"_seopress_robots_primary_cat":"","_seopress_titles_title":"","_seopress_titles_desc":"","_seopress_robots_index":"","iawp_total_views":0},"product_brand":[469],"product_cat":[243,276,272],"product_tag":[],"class_list":{"0":"post-41707","1":"product","2":"type-product","3":"status-publish","5":"product_brand-rimula","6":"product_cat-automobili-i-motori","7":"product_cat-industrijska-i-specijalna-ulja-243","8":"product_cat-motorna-ulja-243","10":"first","11":"instock","12":"shipping-taxable","13":"purchasable","14":"product-type-simple"},"_links":{"self":[{"href":"https:\/\/singuli.wpress.me\/index.php\/wp-json\/wp\/v2\/product\/41707","targetHints":{"allow":["GET"]}}],"collection":[{"href":"https:\/\/singuli.wpress.me\/index.php\/wp-json\/wp\/v2\/product"}],"about":[{"href":"https:\/\/singuli.wpress.me\/index.php\/wp-json\/wp\/v2\/types\/product"}],"version-history":[{"count":0,"href":"https:\/\/singuli.wpress.me\/index.php\/wp-json\/wp\/v2\/product\/41707\/revisions"}],"wp:attachment":[{"href":"https:\/\/singuli.wpress.me\/index.php\/wp-json\/wp\/v2\/media?parent=41707"}],"wp:term":[{"taxonomy":"product_brand","embeddable":true,"href":"https:\/\/singuli.wpress.me\/index.php\/wp-json\/wp\/v2\/product_brand?post=41707"},{"taxonomy":"product_cat","embeddable":true,"href":"https:\/\/singuli.wpress.me\/index.php\/wp-json\/wp\/v2\/product_cat?post=41707"},{"taxonomy":"product_tag","embeddable":true,"href":"https:\/\/singuli.wpress.me\/index.php\/wp-json\/wp\/v2\/product_tag?post=41707"}],"curies":[{"name":"wp","href":"https:\/\/api.w.org\/{rel}","templated":true}]}}