{"id":41708,"date":"2026-04-19T15:23:14","date_gmt":"2026-04-19T15:23:14","guid":{"rendered":"https:\/\/singuli.wpress.me\/index.php\/proizvod\/twistshake-podbradak-pastel-plavi-i-zeleni-2x4m\/"},"modified":"2026-04-20T12:33:39","modified_gmt":"2026-04-20T12:33:39","slug":"twistshake-podbradak-pastel-plavi-i-zeleni-2x4m","status":"publish","type":"product","link":"https:\/\/singuli.wpress.me\/index.php\/proizvod\/twistshake-podbradak-pastel-plavi-i-zeleni-2x4m\/","title":{"rendered":"TWISTSHAKE, podbradak, pastel plavi i zeleni, 2&#215;4+m"},"content":{"rendered":"<p>Stabilan i udoban podbradak s velikim otvorenim d\u017eepom za hvatanje otpadaka hrane izra\u0111en od mekane i udobne plastike. Traka oko vrata mo\u017ee se prilagoditi svim dobima i situacijama va\u0161e bebe. Prikladno za djecu od 4 mjeseca nadalje. U paketu dolaze dva podbradka.<\/p>\n","protected":false},"excerpt":{"rendered":"<p>Stabilan i udoban<br \/>\nDubok d\u017eepi\u0107 za hvatanje hrane<br \/>\nPakiranje od 2 komada<\/p>\n","protected":false},"featured_media":0,"template":"","meta":{"_seopress_robots_primary_cat":"","_seopress_titles_title":"","_seopress_titles_desc":"","_seopress_robots_index":"","iawp_total_views":0},"product_brand":[433],"product_cat":[274,238],"product_tag":[],"class_list":{"0":"post-41708","1":"product","2":"type-product","3":"status-publish","5":"product_brand-twistshake","6":"product_cat-kucanski-pribor-238","7":"product_cat-sve-za-dom","9":"first","10":"instock","11":"shipping-taxable","12":"purchasable","13":"product-type-simple"},"_links":{"self":[{"href":"https:\/\/singuli.wpress.me\/index.php\/wp-json\/wp\/v2\/product\/41708","targetHints":{"allow":["GET"]}}],"collection":[{"href":"https:\/\/singuli.wpress.me\/index.php\/wp-json\/wp\/v2\/product"}],"about":[{"href":"https:\/\/singuli.wpress.me\/index.php\/wp-json\/wp\/v2\/types\/product"}],"version-history":[{"count":0,"href":"https:\/\/singuli.wpress.me\/index.php\/wp-json\/wp\/v2\/product\/41708\/revisions"}],"wp:attachment":[{"href":"https:\/\/singuli.wpress.me\/index.php\/wp-json\/wp\/v2\/media?parent=41708"}],"wp:term":[{"taxonomy":"product_brand","embeddable":true,"href":"https:\/\/singuli.wpress.me\/index.php\/wp-json\/wp\/v2\/product_brand?post=41708"},{"taxonomy":"product_cat","embeddable":true,"href":"https:\/\/singuli.wpress.me\/index.php\/wp-json\/wp\/v2\/product_cat?post=41708"},{"taxonomy":"product_tag","embeddable":true,"href":"https:\/\/singuli.wpress.me\/index.php\/wp-json\/wp\/v2\/product_tag?post=41708"}],"curies":[{"name":"wp","href":"https:\/\/api.w.org\/{rel}","templated":true}]}}