{"id":41712,"date":"2026-04-19T15:23:15","date_gmt":"2026-04-19T15:23:15","guid":{"rendered":"https:\/\/singuli.wpress.me\/index.php\/proizvod\/barbie-lutka-budi-pjevacica\/"},"modified":"2026-04-21T00:27:12","modified_gmt":"2026-04-21T00:27:12","slug":"barbie-lutka-budi-pjevacica","status":"publish","type":"product","link":"https:\/\/singuli.wpress.me\/index.php\/proizvod\/barbie-lutka-budi-pjevacica\/","title":{"rendered":"BARBIE, lutka, budi pjeva\u010dica"},"content":{"rendered":"<p>Kada se djevoj\u010dica igra s Barbie, ona zami\u0161lja \u0161to sve mo\u017ee postati kad naraste.<\/p>\n<p>Uhvati mikrofon i zasjaji uz Barbie pjeva\u010dicu.<\/p>\n<p>Barbie pjeva\u010dica je spremna za pozornicu, a ova lutka je idealan poklon za male ljubitelje glazbe.<\/p>\n","protected":false},"excerpt":{"rendered":"<p>Barbie pjeva\u010dica spremna za pozornicu<br \/>\nIdealan poklon za male ljubitelje glazbe<br \/>\nBarbie mo\u017ee sve<\/p>\n","protected":false},"featured_media":0,"template":"","meta":{"_seopress_robots_primary_cat":"","_seopress_titles_title":"","_seopress_titles_desc":"","_seopress_robots_index":"","iawp_total_views":0},"product_brand":[324],"product_cat":[221,291],"product_tag":[],"class_list":{"0":"post-41712","1":"product","2":"type-product","3":"status-publish","5":"product_brand-barbie","6":"product_cat-igracke","7":"product_cat-igracke-za-djecu-221","9":"first","10":"instock","11":"shipping-taxable","12":"purchasable","13":"product-type-simple"},"_links":{"self":[{"href":"https:\/\/singuli.wpress.me\/index.php\/wp-json\/wp\/v2\/product\/41712","targetHints":{"allow":["GET"]}}],"collection":[{"href":"https:\/\/singuli.wpress.me\/index.php\/wp-json\/wp\/v2\/product"}],"about":[{"href":"https:\/\/singuli.wpress.me\/index.php\/wp-json\/wp\/v2\/types\/product"}],"version-history":[{"count":0,"href":"https:\/\/singuli.wpress.me\/index.php\/wp-json\/wp\/v2\/product\/41712\/revisions"}],"wp:attachment":[{"href":"https:\/\/singuli.wpress.me\/index.php\/wp-json\/wp\/v2\/media?parent=41712"}],"wp:term":[{"taxonomy":"product_brand","embeddable":true,"href":"https:\/\/singuli.wpress.me\/index.php\/wp-json\/wp\/v2\/product_brand?post=41712"},{"taxonomy":"product_cat","embeddable":true,"href":"https:\/\/singuli.wpress.me\/index.php\/wp-json\/wp\/v2\/product_cat?post=41712"},{"taxonomy":"product_tag","embeddable":true,"href":"https:\/\/singuli.wpress.me\/index.php\/wp-json\/wp\/v2\/product_tag?post=41712"}],"curies":[{"name":"wp","href":"https:\/\/api.w.org\/{rel}","templated":true}]}}