{"id":41713,"date":"2026-04-19T15:23:16","date_gmt":"2026-04-19T15:23:16","guid":{"rendered":"https:\/\/singuli.wpress.me\/index.php\/proizvod\/braun-silkepil-9-890-epilator\/"},"modified":"2026-04-20T12:33:39","modified_gmt":"2026-04-20T12:33:39","slug":"braun-silkepil-9-890-epilator","status":"publish","type":"product","link":"https:\/\/singuli.wpress.me\/index.php\/proizvod\/braun-silkepil-9-890-epilator\/","title":{"rendered":"BRAUN SilkEpil 9-890, epilator"},"content":{"rendered":"<p>Braun Silk-\u00e9pil 9 9-890 SensoSmart epilator je be\u017ei\u010dni epilator za mokru i suhu upotrebu sa sedam dodataka.<\/p>\n<p>&#8211; Prvi pametni epilator na svijetu sa SensoSmart\u2122 tehnologijom<br \/>\n&#8211; Usmjerava kori\u0161tenje tako da pritisak bude manji i da se ukloni vi\u0161e dla\u010dica<br \/>\n&#8211; Braun Silk-\u00e9pil epilatori uklanjaju dla\u010dice \u010detiri puta kra\u0107e od voska za dugotrajno glatku ko\u017eu<br \/>\n&#8211; Epilator za mokru i suhu epilaciju bez kabela za spajanje, kori\u0161tenje u kadi ili pod tu\u0161em za nje\u017enu epilaciju<br \/>\n&#8211; Trimer za tijelo i lice za osjetljiva podru\u010dja sa sedam dodataka; uklju\u010duju\u0107i nastavak za lice, nastavak za kontakt s ko\u017eom, glavu za brijanje, nastavak za podrezivanje i torbicu<\/p>\n<p>Prvi pametni epilator na svijetu<br \/>\nBraunova nova generacija epilatora uklju\u010duje SensoSmart\u2122 tehnologiju, koja stavlja profesionalnu kontrolu epilacije u va\u0161e ruke. Inteligentni senzor vodi epilator kako bi osigurao pravilan pritisak na ko\u017eu i uklonio jo\u0161 vi\u0161e dla\u010dica jednim potezom. Crveno svjetlo upozorava da priti\u0161\u0107ete prejako i da morate prilagoditi nano\u0161enje ako \u017eelite posti\u0107i u\u010dinkovitiju epilaciju. Braun Silk-\u00e9pil epilatori uklanjaju dla\u010dice \u010detiri puta kra\u0107e od voska, tako da mo\u017eete posti\u0107i iste glatke rezultate kod ku\u0107e kao u salonu. Bez gnjava\u017ee, bez nereda, bez depilacije u salonu.<\/p>\n<p>Wet &amp; Dry tehnologija<br \/>\n100% vodootporan, pogodan za kori\u0161tenje u kadi ili pod tu\u0161em. Epilacija postaje prakti\u010dki bezbolna ako je redovito izvodite u vodi.<\/p>\n<p>MicroGrip pinceta<br \/>\nUklanja dla\u010dice \u010dija duljina ne prelazi veli\u010dinu zrna pijeska (0,5 mm). Nikada vi\u0161e ne\u0107ete morati \u010dekati da vam dla\u010dice dovoljno narastu izme\u0111u dva nano\u0161enja voska.<\/p>\n<p>Pokretna glava<br \/>\nPrilago\u0111ava se svim konturama za u\u010dinkovito uklanjanje dla\u010dica, \u010dak i na te\u0161kim podru\u010djima poput koljena i pazuha.<\/p>\n<p>Smartlight<br \/>\nOtkriva najfinije dla\u010dice za temeljito uklanjanje bez propu\u0161tenih dla\u010dica.<\/p>\n<p>Odr\u017eavanje bikini linije<br \/>\nOvaj komplet epilatora Silk-\u00e9pil 9 SensoSmart\u2122 uklju\u010duje dodatni trimer za tijelo koji omogu\u0107uje precizno uklanjanje dla\u010dica bez neugodne strane depilacije.<\/p>\n<p>Brijanje i podrezivanje<br \/>\nSet tako\u0111er uklju\u010duje glavu za brijanje i nastavak za podrezivanje, koji omogu\u0107uju brzo uklanjanje dla\u010dica.<\/p>\n<p>Nje\u017ean prema osjetljivim podru\u010djima<br \/>\nU\u017eivajte u glatkoj ko\u017ei \u010dak i na osjetljivim podru\u010djima poput pazuha.<\/p>\n<p>Tehni\u010dke specifikacije:<br \/>\n&#8211; SensoSmart tehnologija<br \/>\n&#8211; 40% \u0161ira glava epilatora<br \/>\n&#8211; Silk-\u00e9pil tehnologija pinceta<br \/>\n&#8211; Mokra i suha uporaba<br \/>\n&#8211; Valjci za masa\u017eu<br \/>\n&#8211; Potpuno pogodan za \u010di\u0161\u0107enje vodom<br \/>\n&#8211; Vrijeme kori\u0161tenja: 50 minuta<br \/>\n&#8211; Vrijeme punjenja: 2 sata<\/p>\n","protected":false},"excerpt":{"rendered":"<p>Prvi pametni epilator na svijetu sa SensoSmart tehnologijom<br \/>\nDo 50 minuta rada bez strujnog kabela<br \/>\nUklju\u010deno je sedam dodataka<\/p>\n","protected":false},"featured_media":0,"template":"","meta":{"_seopress_robots_primary_cat":"","_seopress_titles_title":"","_seopress_titles_desc":"","_seopress_robots_index":"","iawp_total_views":0},"product_brand":[144],"product_cat":[192,282,281],"product_tag":[],"class_list":{"0":"post-41713","1":"product","2":"type-product","3":"status-publish","5":"product_brand-braun","6":"product_cat-aparati-za-osobnu-njegu","7":"product_cat-aparati-za-zene-281","8":"product_cat-epilatori-i-ipl-192","10":"first","11":"outofstock","12":"shipping-taxable","13":"purchasable","14":"product-type-simple"},"_links":{"self":[{"href":"https:\/\/singuli.wpress.me\/index.php\/wp-json\/wp\/v2\/product\/41713","targetHints":{"allow":["GET"]}}],"collection":[{"href":"https:\/\/singuli.wpress.me\/index.php\/wp-json\/wp\/v2\/product"}],"about":[{"href":"https:\/\/singuli.wpress.me\/index.php\/wp-json\/wp\/v2\/types\/product"}],"version-history":[{"count":0,"href":"https:\/\/singuli.wpress.me\/index.php\/wp-json\/wp\/v2\/product\/41713\/revisions"}],"wp:attachment":[{"href":"https:\/\/singuli.wpress.me\/index.php\/wp-json\/wp\/v2\/media?parent=41713"}],"wp:term":[{"taxonomy":"product_brand","embeddable":true,"href":"https:\/\/singuli.wpress.me\/index.php\/wp-json\/wp\/v2\/product_brand?post=41713"},{"taxonomy":"product_cat","embeddable":true,"href":"https:\/\/singuli.wpress.me\/index.php\/wp-json\/wp\/v2\/product_cat?post=41713"},{"taxonomy":"product_tag","embeddable":true,"href":"https:\/\/singuli.wpress.me\/index.php\/wp-json\/wp\/v2\/product_tag?post=41713"}],"curies":[{"name":"wp","href":"https:\/\/api.w.org\/{rel}","templated":true}]}}