{"id":41715,"date":"2026-04-19T15:23:17","date_gmt":"2026-04-19T15:23:17","guid":{"rendered":"https:\/\/singuli.wpress.me\/index.php\/proizvod\/aeroshell-fl-31-hidraulicko-ulje-18-927-l\/"},"modified":"2026-04-20T12:33:39","modified_gmt":"2026-04-20T12:33:39","slug":"aeroshell-fl-31-hidraulicko-ulje-18-927-l","status":"publish","type":"product","link":"https:\/\/singuli.wpress.me\/index.php\/proizvod\/aeroshell-fl-31-hidraulicko-ulje-18-927-l\/","title":{"rendered":"AEROSHELL FL.31, hidrauli\u010dko ulje, 18.927\u00a0l"},"content":{"rendered":"<p>Hidrauli\u010dna teku\u0107ina za zrakoplove na bazi sinteti\u010dkog ugljikovodika sa znatno pobolj\u0161anom otporno\u0161\u0107u na vatru u usporedbi s konvencionalnim naftnim proizvodima. Ima posebno dizajniranu osnovnu zalihu koja daje relativno visoku to\u010dku plami\u0161ta, izvrsna svojstva niske temperature i dobru oksidaciju i toplinsku stabilnost. Osim toga, formuliran je s aditivima visoke tehnologije kako bi se osigurala oksidacija i otpornost na koroziju, za\u0161tita od tro\u0161enja i pjenjenja.<\/p>\n<p><span style=\"font-weight: bold\">MIL-PRF-83282D, NATO Code H-537<\/span><\/p>\n","protected":false},"excerpt":{"rendered":"<p>Hidrauli\u010dna teku\u0107ina za zrakoplove<br \/>\nDobra toplinska stabilnost<br \/>\nOtporan na pjenjenje<\/p>\n","protected":false},"featured_media":0,"template":"","meta":{"_seopress_robots_primary_cat":"","_seopress_titles_title":"","_seopress_titles_desc":"","_seopress_robots_index":"","iawp_total_views":0},"product_brand":[482],"product_cat":[221,263],"product_tag":[],"class_list":{"0":"post-41715","1":"product","2":"type-product","3":"status-publish","5":"product_brand-aeroshell","6":"product_cat-igracke","7":"product_cat-tematske-igracke-221","9":"first","10":"outofstock","11":"shipping-taxable","12":"purchasable","13":"product-type-simple"},"_links":{"self":[{"href":"https:\/\/singuli.wpress.me\/index.php\/wp-json\/wp\/v2\/product\/41715","targetHints":{"allow":["GET"]}}],"collection":[{"href":"https:\/\/singuli.wpress.me\/index.php\/wp-json\/wp\/v2\/product"}],"about":[{"href":"https:\/\/singuli.wpress.me\/index.php\/wp-json\/wp\/v2\/types\/product"}],"version-history":[{"count":0,"href":"https:\/\/singuli.wpress.me\/index.php\/wp-json\/wp\/v2\/product\/41715\/revisions"}],"wp:attachment":[{"href":"https:\/\/singuli.wpress.me\/index.php\/wp-json\/wp\/v2\/media?parent=41715"}],"wp:term":[{"taxonomy":"product_brand","embeddable":true,"href":"https:\/\/singuli.wpress.me\/index.php\/wp-json\/wp\/v2\/product_brand?post=41715"},{"taxonomy":"product_cat","embeddable":true,"href":"https:\/\/singuli.wpress.me\/index.php\/wp-json\/wp\/v2\/product_cat?post=41715"},{"taxonomy":"product_tag","embeddable":true,"href":"https:\/\/singuli.wpress.me\/index.php\/wp-json\/wp\/v2\/product_tag?post=41715"}],"curies":[{"name":"wp","href":"https:\/\/api.w.org\/{rel}","templated":true}]}}