{"id":41721,"date":"2026-04-19T15:23:19","date_gmt":"2026-04-19T15:23:19","guid":{"rendered":"https:\/\/singuli.wpress.me\/index.php\/proizvod\/mr-muscle-sredstvo-za-ciscenje-kuhinjskih-povrsina-500-ml\/"},"modified":"2026-04-20T12:33:39","modified_gmt":"2026-04-20T12:33:39","slug":"mr-muscle-sredstvo-za-ciscenje-kuhinjskih-povrsina-500-ml","status":"publish","type":"product","link":"https:\/\/singuli.wpress.me\/index.php\/proizvod\/mr-muscle-sredstvo-za-ciscenje-kuhinjskih-povrsina-500-ml\/","title":{"rendered":"MR. MUSCLE, sredstvo za \u010di\u0161\u0107enje, kuhinjskih povr\u0161ina, 500\u00a0ml"},"content":{"rendered":"<p>Mr. Muscle\u00ae Sredstvo za \u010di\u0161\u0107enje kuhinjskih povr\u0161ina uklanja  100% tvrdokorne masno\u0107e bez neugodnih mirisa  te ubija 99,9% baketrija i virusa.<\/p>\n<p>Upute za uporabu:<br \/>\nOkrenite raspr\u0161iva\u010d na poziciju \u201eON\u201c<\/p>\n<p>ZA \u010cI\u0160\u0106ENJE:<br \/>\nRaspr\u0161ite teku\u0107inu s udaljenosti od 20 cm na povr\u0161inu koju \u017eelite o\u010distiti dok nije u potpunosti prekrivena. Kod tvrdokornih mrlja ostavite teku\u0107inu da djeluje nekoliko minuta, a zatim obri\u0161ite. Nema potrebe za ispiranjem.<\/p>\n<p>ZA DEZINFEKCIJU:<br \/>\nRaspr\u0161ite teku\u0107inu s udaljenosti od 20 cm na povr\u0161inu koju \u017eelite dezinficirati dok nije u potpunosti natopljena. Ostavite da djeluje 5 minuta, a zatim obri\u0161ite.<br \/>\nPogodno za kori\u0161tenje na svim kuhinjskim povr\u0161inama: radne povr\u0161ine, elektri\u010dni aparati, sudoperi, \u0161tednjaci, pe\u0107nice, zidovi, ormari\u0107i, ko\u0161evi za sme\u0107e te podovi. Isklju\u010dite elektri\u010dne aparate prije \u010di\u0161\u0107enja teku\u0107inom.<br \/>\nPrije uporabe provjerite u\u010dinak na maloj, manje vidljivoj povr\u0161ini.<\/p>\n","protected":false},"excerpt":{"rendered":"<p>Sredstvo za \u010di\u0161\u0107enje kuhinjskih povr\u0161ina<br \/>\nUklanja 100% tvrdokorne masno\u0107e<br \/>\nUbija 99.9% bakterija i virusa<\/p>\n","protected":false},"featured_media":0,"template":"","meta":{"_seopress_robots_primary_cat":"","_seopress_titles_title":"","_seopress_titles_desc":"","_seopress_robots_index":"","iawp_total_views":0},"product_brand":[794],"product_cat":[284,238],"product_tag":[],"class_list":{"0":"post-41721","1":"product","2":"type-product","3":"status-publish","5":"product_brand-mr-muscle","6":"product_cat-sredstva-za-ciscenje-238","7":"product_cat-sve-za-dom","9":"first","10":"instock","11":"shipping-taxable","12":"purchasable","13":"product-type-simple"},"_links":{"self":[{"href":"https:\/\/singuli.wpress.me\/index.php\/wp-json\/wp\/v2\/product\/41721","targetHints":{"allow":["GET"]}}],"collection":[{"href":"https:\/\/singuli.wpress.me\/index.php\/wp-json\/wp\/v2\/product"}],"about":[{"href":"https:\/\/singuli.wpress.me\/index.php\/wp-json\/wp\/v2\/types\/product"}],"version-history":[{"count":0,"href":"https:\/\/singuli.wpress.me\/index.php\/wp-json\/wp\/v2\/product\/41721\/revisions"}],"wp:attachment":[{"href":"https:\/\/singuli.wpress.me\/index.php\/wp-json\/wp\/v2\/media?parent=41721"}],"wp:term":[{"taxonomy":"product_brand","embeddable":true,"href":"https:\/\/singuli.wpress.me\/index.php\/wp-json\/wp\/v2\/product_brand?post=41721"},{"taxonomy":"product_cat","embeddable":true,"href":"https:\/\/singuli.wpress.me\/index.php\/wp-json\/wp\/v2\/product_cat?post=41721"},{"taxonomy":"product_tag","embeddable":true,"href":"https:\/\/singuli.wpress.me\/index.php\/wp-json\/wp\/v2\/product_tag?post=41721"}],"curies":[{"name":"wp","href":"https:\/\/api.w.org\/{rel}","templated":true}]}}