{"id":41724,"date":"2026-04-19T15:23:20","date_gmt":"2026-04-19T15:23:20","guid":{"rendered":"https:\/\/singuli.wpress.me\/index.php\/proizvod\/mysella-s3-n-30-ulje-za-plinske-motore-na-prirodni-plin-1000-l\/"},"modified":"2026-04-20T12:33:39","modified_gmt":"2026-04-20T12:33:39","slug":"mysella-s3-n-30-ulje-za-plinske-motore-na-prirodni-plin-1000-l","status":"publish","type":"product","link":"https:\/\/singuli.wpress.me\/index.php\/proizvod\/mysella-s3-n-30-ulje-za-plinske-motore-na-prirodni-plin-1000-l\/","title":{"rendered":"MYSELLA  S3 N 30, ulje za plinske motore na prirodni plin, 1000\u00a0l"},"content":{"rendered":"<p>Visokokvalitetno ulje visokih performansi namijenjeno za uporabu kod vrhunskih 4-taktnih plinskih motora sa svje\u0107icama, koji zahtijevaju ulje s niskim sadr\u017eajem pepela. Udovoljava zahtjevima nove generacije stacionarnih plinskih motora koji imaju limitirane emisije NOx, i onih s najnovijom &quot;\u010distom&quot; tehnologijom izgaranja. Otpornost na oksidaciju, nitraciju, pove\u0107anje viskoznosti i stvaranje \u0161tetnih kiselina.<\/p>\n<p>Specifikacija: Caterpillar Stationary Gas Engines, Cameron System, Fairbank Morse, Dresser Rand.<\/p>\n","protected":false},"excerpt":{"rendered":"<p>Ulje namijenjeno za uporabu kod 4-taktnih plinskih motora sa svje\u0107icama<br \/>\nNiski sadr\u017eaj pepela<br \/>\nOtpornost na oksidaciju i nitraciju<\/p>\n","protected":false},"featured_media":0,"template":"","meta":{"_seopress_robots_primary_cat":"","_seopress_titles_title":"","_seopress_titles_desc":"","_seopress_robots_index":"","iawp_total_views":0},"product_brand":[854],"product_cat":[243,276],"product_tag":[],"class_list":{"0":"post-41724","1":"product","2":"type-product","3":"status-publish","5":"product_brand-mysella","6":"product_cat-automobili-i-motori","7":"product_cat-industrijska-i-specijalna-ulja-243","9":"first","10":"outofstock","11":"shipping-taxable","12":"purchasable","13":"product-type-simple"},"_links":{"self":[{"href":"https:\/\/singuli.wpress.me\/index.php\/wp-json\/wp\/v2\/product\/41724","targetHints":{"allow":["GET"]}}],"collection":[{"href":"https:\/\/singuli.wpress.me\/index.php\/wp-json\/wp\/v2\/product"}],"about":[{"href":"https:\/\/singuli.wpress.me\/index.php\/wp-json\/wp\/v2\/types\/product"}],"version-history":[{"count":0,"href":"https:\/\/singuli.wpress.me\/index.php\/wp-json\/wp\/v2\/product\/41724\/revisions"}],"wp:attachment":[{"href":"https:\/\/singuli.wpress.me\/index.php\/wp-json\/wp\/v2\/media?parent=41724"}],"wp:term":[{"taxonomy":"product_brand","embeddable":true,"href":"https:\/\/singuli.wpress.me\/index.php\/wp-json\/wp\/v2\/product_brand?post=41724"},{"taxonomy":"product_cat","embeddable":true,"href":"https:\/\/singuli.wpress.me\/index.php\/wp-json\/wp\/v2\/product_cat?post=41724"},{"taxonomy":"product_tag","embeddable":true,"href":"https:\/\/singuli.wpress.me\/index.php\/wp-json\/wp\/v2\/product_tag?post=41724"}],"curies":[{"name":"wp","href":"https:\/\/api.w.org\/{rel}","templated":true}]}}