{"id":41728,"date":"2026-04-19T15:23:21","date_gmt":"2026-04-19T15:23:21","guid":{"rendered":"https:\/\/singuli.wpress.me\/index.php\/proizvod\/always-infinity-night-higijenski-ulosci-10-kom\/"},"modified":"2026-04-20T12:33:39","modified_gmt":"2026-04-20T12:33:39","slug":"always-infinity-night-higijenski-ulosci-10-kom","status":"publish","type":"product","link":"https:\/\/singuli.wpress.me\/index.php\/proizvod\/always-infinity-night-higijenski-ulosci-10-kom\/","title":{"rendered":"ALWAYS Infinity Night, higijenski ulo\u0161ci, 10\u00a0kom"},"content":{"rendered":"<p>Isprobajte Always Infinity Night (veli\u010dinu 3) za vrhunsku za\u0161titu tijekom no\u0107i. Mikrorupice povla\u010de teku\u0107inu duboko u ulo\u017eak za osje\u0107aj suho\u0107e, a kanali \u0161tite od curenja i omogu\u0107avaju fleksibilnost. Always Infinity je prvi higijenski ulo\u017eak na svijetu s pametnom pjenom SmartFoam. Prilago\u0111ava se va\u0161em tijelu tako da ulo\u017eak gotovo ni ne osjetite. Mikrorupice povla\u010de teku\u0107inu duboko u ulo\u017eak, za osje\u0107aj suho\u0107e. Kanali \u0161tite od propu\u0161tanja i omogu\u0107avaju fleksibilnost. Nevjerojatno mekan i tanak. Nje\u017enost ovih higijenskih ulo\u017eaka prema ko\u017ei dermatolo\u0161ki je provjerena.<\/p>\n","protected":false},"excerpt":{"rendered":"<p>Jedinstvena tehnologija pjene.<br \/>\nPosebna pjenasta jezgra oblikovana je prema va\u0161em tijelu tako da je gotovo ne osje\u0107ate.<br \/>\nApsorbiraju 10x vi\u0161e od svoje te\u017eine \u0161to pru\u017ea odli\u010dnu za\u0161titu.<\/p>\n","protected":false},"featured_media":0,"template":"","meta":{"_seopress_robots_primary_cat":"","_seopress_titles_title":"","_seopress_titles_desc":"","_seopress_robots_index":"","iawp_total_views":0},"product_brand":[449],"product_cat":[211,288],"product_tag":[],"class_list":{"0":"post-41728","1":"product","2":"type-product","3":"status-publish","5":"product_brand-always","6":"product_cat-njega-majke-i-djeteta","7":"product_cat-zenska-higijena-211","9":"first","10":"outofstock","11":"shipping-taxable","12":"purchasable","13":"product-type-simple"},"_links":{"self":[{"href":"https:\/\/singuli.wpress.me\/index.php\/wp-json\/wp\/v2\/product\/41728","targetHints":{"allow":["GET"]}}],"collection":[{"href":"https:\/\/singuli.wpress.me\/index.php\/wp-json\/wp\/v2\/product"}],"about":[{"href":"https:\/\/singuli.wpress.me\/index.php\/wp-json\/wp\/v2\/types\/product"}],"version-history":[{"count":0,"href":"https:\/\/singuli.wpress.me\/index.php\/wp-json\/wp\/v2\/product\/41728\/revisions"}],"wp:attachment":[{"href":"https:\/\/singuli.wpress.me\/index.php\/wp-json\/wp\/v2\/media?parent=41728"}],"wp:term":[{"taxonomy":"product_brand","embeddable":true,"href":"https:\/\/singuli.wpress.me\/index.php\/wp-json\/wp\/v2\/product_brand?post=41728"},{"taxonomy":"product_cat","embeddable":true,"href":"https:\/\/singuli.wpress.me\/index.php\/wp-json\/wp\/v2\/product_cat?post=41728"},{"taxonomy":"product_tag","embeddable":true,"href":"https:\/\/singuli.wpress.me\/index.php\/wp-json\/wp\/v2\/product_tag?post=41728"}],"curies":[{"name":"wp","href":"https:\/\/api.w.org\/{rel}","templated":true}]}}