{"id":41733,"date":"2026-04-19T15:23:23","date_gmt":"2026-04-19T15:23:23","guid":{"rendered":"https:\/\/singuli.wpress.me\/index.php\/proizvod\/always-infinity-long-higijenski-ulosci-11-kom\/"},"modified":"2026-04-20T12:33:40","modified_gmt":"2026-04-20T12:33:40","slug":"always-infinity-long-higijenski-ulosci-11-kom","status":"publish","type":"product","link":"https:\/\/singuli.wpress.me\/index.php\/proizvod\/always-infinity-long-higijenski-ulosci-11-kom\/","title":{"rendered":"ALWAYS Infinity Long, higijenski ulo\u0161ci, 11\u00a0kom"},"content":{"rendered":"<p>Higijenski ulo\u0161ci Always Infinity duga\u010dki (Size 2) s krilcima prvi su higijenski ulo\u0161ci s prilagodljivim pametnim pjenastim materijalom SmartFoam na svijetu. Upijaju 10x vi\u0161e od svoje te\u017eine. Posebna pjenasta jezgra prilago\u0111ava se va\u0161em tijelu poput memorijske pjene tako da ulo\u017eak gotovo ni ne osjetite. Mikrorupice povla\u010de teku\u0107inu duboko u ulo\u017eak za osje\u0107aj suho\u0107e, a kanali \u0161tite od curenja i omogu\u0107avaju fleksibilnost. Isprobajte Always Infinity Night (veli\u010dinu 3) za vrhunsku za\u0161titu tijekom no\u0107i.<\/p>\n","protected":false},"excerpt":{"rendered":"<p>Upijaju\u0107i sustav s kanali\u0107ima koji raspore\u0111uju teku\u0107inu po cijeloj povr\u0161ini ulo\u0161ka.<br \/>\nKrilca za za\u0161titu bo\u010dnih dijelova rublja.<br \/>\nVeli\u010dina idealna za dane s jakim krvarenjem.<\/p>\n","protected":false},"featured_media":0,"template":"","meta":{"_seopress_robots_primary_cat":"","_seopress_titles_title":"","_seopress_titles_desc":"","_seopress_robots_index":"","iawp_total_views":0},"product_brand":[449],"product_cat":[211,288],"product_tag":[],"class_list":{"0":"post-41733","1":"product","2":"type-product","3":"status-publish","5":"product_brand-always","6":"product_cat-njega-majke-i-djeteta","7":"product_cat-zenska-higijena-211","9":"first","10":"outofstock","11":"shipping-taxable","12":"purchasable","13":"product-type-simple"},"_links":{"self":[{"href":"https:\/\/singuli.wpress.me\/index.php\/wp-json\/wp\/v2\/product\/41733","targetHints":{"allow":["GET"]}}],"collection":[{"href":"https:\/\/singuli.wpress.me\/index.php\/wp-json\/wp\/v2\/product"}],"about":[{"href":"https:\/\/singuli.wpress.me\/index.php\/wp-json\/wp\/v2\/types\/product"}],"version-history":[{"count":0,"href":"https:\/\/singuli.wpress.me\/index.php\/wp-json\/wp\/v2\/product\/41733\/revisions"}],"wp:attachment":[{"href":"https:\/\/singuli.wpress.me\/index.php\/wp-json\/wp\/v2\/media?parent=41733"}],"wp:term":[{"taxonomy":"product_brand","embeddable":true,"href":"https:\/\/singuli.wpress.me\/index.php\/wp-json\/wp\/v2\/product_brand?post=41733"},{"taxonomy":"product_cat","embeddable":true,"href":"https:\/\/singuli.wpress.me\/index.php\/wp-json\/wp\/v2\/product_cat?post=41733"},{"taxonomy":"product_tag","embeddable":true,"href":"https:\/\/singuli.wpress.me\/index.php\/wp-json\/wp\/v2\/product_tag?post=41733"}],"curies":[{"name":"wp","href":"https:\/\/api.w.org\/{rel}","templated":true}]}}