{"id":41734,"date":"2026-04-19T15:23:23","date_gmt":"2026-04-19T15:23:23","guid":{"rendered":"https:\/\/singuli.wpress.me\/index.php\/proizvod\/twistshake-punjive-vrecice-za-hranu-5komx220ml\/"},"modified":"2026-04-21T00:27:12","modified_gmt":"2026-04-21T00:27:12","slug":"twistshake-punjive-vrecice-za-hranu-5komx220ml","status":"publish","type":"product","link":"https:\/\/singuli.wpress.me\/index.php\/proizvod\/twistshake-punjive-vrecice-za-hranu-5komx220ml\/","title":{"rendered":"TWISTSHAKE, punjive vre\u0107ice za hranu, 5komx220ml"},"content":{"rendered":"<p>Vi\u0161ekratna punjiva vre\u0107ica. Ne sadr\u017ei BPA i sigurna je za uporabu u perilici posu\u0111a i zamrziva\u010du. Napunite ka\u0161ama za ugodnu i hranjivu u\u017einu svojeg djeteta. Zapremnina 220ml. U paketu dolaze 5 Twistshake punjive vre\u0107ice.<\/p>\n","protected":false},"excerpt":{"rendered":"<p>Vi\u0161ekratne punjive vre\u0107ice\u2013 ekolo\u0161ki prihvatljive<br \/>\nDvostruki zatvara\u010d Ziplock \u2013 jam\u010di da sadr\u017eaj ne iscuri<br \/>\nSigurno za uporabu u zamrziva\u010du<\/p>\n","protected":false},"featured_media":0,"template":"","meta":{"_seopress_robots_primary_cat":"","_seopress_titles_title":"","_seopress_titles_desc":"","_seopress_robots_index":"","iawp_total_views":0},"product_brand":[433],"product_cat":[274,238],"product_tag":[],"class_list":{"0":"post-41734","1":"product","2":"type-product","3":"status-publish","5":"product_brand-twistshake","6":"product_cat-kucanski-pribor-238","7":"product_cat-sve-za-dom","9":"first","10":"outofstock","11":"shipping-taxable","12":"purchasable","13":"product-type-simple"},"_links":{"self":[{"href":"https:\/\/singuli.wpress.me\/index.php\/wp-json\/wp\/v2\/product\/41734","targetHints":{"allow":["GET"]}}],"collection":[{"href":"https:\/\/singuli.wpress.me\/index.php\/wp-json\/wp\/v2\/product"}],"about":[{"href":"https:\/\/singuli.wpress.me\/index.php\/wp-json\/wp\/v2\/types\/product"}],"version-history":[{"count":0,"href":"https:\/\/singuli.wpress.me\/index.php\/wp-json\/wp\/v2\/product\/41734\/revisions"}],"wp:attachment":[{"href":"https:\/\/singuli.wpress.me\/index.php\/wp-json\/wp\/v2\/media?parent=41734"}],"wp:term":[{"taxonomy":"product_brand","embeddable":true,"href":"https:\/\/singuli.wpress.me\/index.php\/wp-json\/wp\/v2\/product_brand?post=41734"},{"taxonomy":"product_cat","embeddable":true,"href":"https:\/\/singuli.wpress.me\/index.php\/wp-json\/wp\/v2\/product_cat?post=41734"},{"taxonomy":"product_tag","embeddable":true,"href":"https:\/\/singuli.wpress.me\/index.php\/wp-json\/wp\/v2\/product_tag?post=41734"}],"curies":[{"name":"wp","href":"https:\/\/api.w.org\/{rel}","templated":true}]}}