{"id":41736,"date":"2026-04-19T15:23:23","date_gmt":"2026-04-19T15:23:23","guid":{"rendered":"https:\/\/singuli.wpress.me\/index.php\/proizvod\/oral-b-essential-mint-zubni-konac-50m\/"},"modified":"2026-04-20T12:33:40","modified_gmt":"2026-04-20T12:33:40","slug":"oral-b-essential-mint-zubni-konac-50m","status":"publish","type":"product","link":"https:\/\/singuli.wpress.me\/index.php\/proizvod\/oral-b-essential-mint-zubni-konac-50m\/","title":{"rendered":"ORAL-B Essential Mint, zubni konac, 50m"},"content":{"rendered":"<p>Zubni konac Oral-B Essential \u010disti prostor izme\u0111u zuba, za osje\u0107aj svje\u017eine i \u010disto\u0107e u ustima. Napredni dvoslojni konac iznimno je \u010dvrst, s njime se jednostavno rukuje i ugodan je.<\/p>\n<p>Upute za upotrebu: Namotajte 5 centimetara zubnog konca oko srednjih prstiju. Nje\u017eno provucite zubni konac izme\u0111u zuba do linije desni. Savijte zubnikonac tako da obuhvati \u0161to ve\u0107u povr\u0161inu zuba. Nje\u017eno pomi\u010dite zubni konac gore-dolje. Odmotajte nov komad zubnog konca za svakizub. Kada se upotrebljava ujutro ili nave\u010der nakon pranja zuba, zubni konac Oral-B poma\u017ee va\u0161e desni i zube odr\u017eati zdravima.<\/p>\n","protected":false},"excerpt":{"rendered":"<p>Vo\u0161tani konac za zube nje\u017ean je prema prstima i dlanu<br \/>\nZubni konac sa satenskom teksturom i okusom mente<br \/>\nGlatko klizanje konca poma\u017ee kod problema s desnima<\/p>\n","protected":false},"featured_media":0,"template":"","meta":{"_seopress_robots_primary_cat":"","_seopress_titles_title":"","_seopress_titles_desc":"","_seopress_robots_index":"","iawp_total_views":0},"product_brand":[423],"product_cat":[268,309],"product_tag":[],"class_list":{"0":"post-41736","1":"product","2":"type-product","3":"status-publish","5":"product_brand-oral-b-2","6":"product_cat-kozmetika-2","7":"product_cat-oralna-higijena-268","9":"first","10":"instock","11":"shipping-taxable","12":"purchasable","13":"product-type-simple"},"_links":{"self":[{"href":"https:\/\/singuli.wpress.me\/index.php\/wp-json\/wp\/v2\/product\/41736","targetHints":{"allow":["GET"]}}],"collection":[{"href":"https:\/\/singuli.wpress.me\/index.php\/wp-json\/wp\/v2\/product"}],"about":[{"href":"https:\/\/singuli.wpress.me\/index.php\/wp-json\/wp\/v2\/types\/product"}],"version-history":[{"count":0,"href":"https:\/\/singuli.wpress.me\/index.php\/wp-json\/wp\/v2\/product\/41736\/revisions"}],"wp:attachment":[{"href":"https:\/\/singuli.wpress.me\/index.php\/wp-json\/wp\/v2\/media?parent=41736"}],"wp:term":[{"taxonomy":"product_brand","embeddable":true,"href":"https:\/\/singuli.wpress.me\/index.php\/wp-json\/wp\/v2\/product_brand?post=41736"},{"taxonomy":"product_cat","embeddable":true,"href":"https:\/\/singuli.wpress.me\/index.php\/wp-json\/wp\/v2\/product_cat?post=41736"},{"taxonomy":"product_tag","embeddable":true,"href":"https:\/\/singuli.wpress.me\/index.php\/wp-json\/wp\/v2\/product_tag?post=41736"}],"curies":[{"name":"wp","href":"https:\/\/api.w.org\/{rel}","templated":true}]}}