{"id":41741,"date":"2026-04-19T15:23:24","date_gmt":"2026-04-19T15:23:24","guid":{"rendered":"https:\/\/singuli.wpress.me\/index.php\/proizvod\/dash-regular-tekuci-deterdzent-za-pranje-rublja-1-05l-21-pranja\/"},"modified":"2026-04-21T00:27:12","modified_gmt":"2026-04-21T00:27:12","slug":"dash-regular-tekuci-deterdzent-za-pranje-rublja-1-05l-21-pranja","status":"publish","type":"product","link":"https:\/\/singuli.wpress.me\/index.php\/proizvod\/dash-regular-tekuci-deterdzent-za-pranje-rublja-1-05l-21-pranja\/","title":{"rendered":"DASH Regular, teku\u0107i deterd\u017eent za pranje rublja, 1.05l, 21\u00a0pranja"},"content":{"rendered":"<p>Dash i Regular jam\u010di besprijekorno uklanjanje mrlja u\u010dinkoviti su \u010dak i pri niskoj temperaturi i kratkim ciklusima. <\/p>\n<p>Koristite Dash Power s proizvodima Lenor Softener i Lenor Unstoppables, za dodatnu svje\u017einu i meko\u0107u.<\/p>\n","protected":false},"excerpt":{"rendered":"<p>Teku\u0107i deterd\u017eent za strojno pranje jam\u010di besprijekorno \u010di\u0161\u0107enje<br \/>\nU\u010dinkovito \u010di\u0161\u0107enje pri niskoj temperaturi i kratkim ciklusima<br \/>\nOstavlja na odje\u0107i ugodan miris \u010disto\u0107e<\/p>\n","protected":false},"featured_media":0,"template":"","meta":{"_seopress_robots_primary_cat":"","_seopress_titles_title":"","_seopress_titles_desc":"","_seopress_robots_index":"","iawp_total_views":0},"product_brand":[762],"product_cat":[283,238],"product_tag":[],"class_list":{"0":"post-41741","1":"product","2":"type-product","3":"status-publish","5":"product_brand-dash","6":"product_cat-pranje-rublja-238","7":"product_cat-sve-za-dom","9":"first","10":"outofstock","11":"shipping-taxable","12":"purchasable","13":"product-type-simple"},"_links":{"self":[{"href":"https:\/\/singuli.wpress.me\/index.php\/wp-json\/wp\/v2\/product\/41741","targetHints":{"allow":["GET"]}}],"collection":[{"href":"https:\/\/singuli.wpress.me\/index.php\/wp-json\/wp\/v2\/product"}],"about":[{"href":"https:\/\/singuli.wpress.me\/index.php\/wp-json\/wp\/v2\/types\/product"}],"version-history":[{"count":0,"href":"https:\/\/singuli.wpress.me\/index.php\/wp-json\/wp\/v2\/product\/41741\/revisions"}],"wp:attachment":[{"href":"https:\/\/singuli.wpress.me\/index.php\/wp-json\/wp\/v2\/media?parent=41741"}],"wp:term":[{"taxonomy":"product_brand","embeddable":true,"href":"https:\/\/singuli.wpress.me\/index.php\/wp-json\/wp\/v2\/product_brand?post=41741"},{"taxonomy":"product_cat","embeddable":true,"href":"https:\/\/singuli.wpress.me\/index.php\/wp-json\/wp\/v2\/product_cat?post=41741"},{"taxonomy":"product_tag","embeddable":true,"href":"https:\/\/singuli.wpress.me\/index.php\/wp-json\/wp\/v2\/product_tag?post=41741"}],"curies":[{"name":"wp","href":"https:\/\/api.w.org\/{rel}","templated":true}]}}