{"id":41742,"date":"2026-04-19T15:23:25","date_gmt":"2026-04-19T15:23:25","guid":{"rendered":"https:\/\/singuli.wpress.me\/index.php\/proizvod\/turbo-t-100-turbinsko-ulje-209-l\/"},"modified":"2026-04-20T12:33:40","modified_gmt":"2026-04-20T12:33:40","slug":"turbo-t-100-turbinsko-ulje-209-l","status":"publish","type":"product","link":"https:\/\/singuli.wpress.me\/index.php\/proizvod\/turbo-t-100-turbinsko-ulje-209-l\/","title":{"rendered":"TURBO T 100, turbinsko ulje, 209\u00a0l"},"content":{"rendered":"<p>Shell Turbo T ulja se ve\u0107 dugo vremena smatraju industrijskim standardom za turbinska ulja. Na temelju ovakve reputacije, Shell je razvio Turbo T ulja za pove\u0107ana naprezanja prisutna kod najnovijih parnih turbina bez zup\u010danika i lakooptere\u0107enih plinskih turbina. Shell Turbo T ulja su formulirana od visokokvalitetnih hidroobra\u0111enih baznih ulja i kombinacije aditiva bez cinka koji osiguravaju izvrsnu oksidacijsku stabilnost i za\u0161titu od korozije i hr\u0111e, minimalno pjenjenje ulja i izvrsno odvajanje vode. Glavne primjene su kod najnovijih parnih turbina bez zup\u010danika, lakooptere\u0107enih plinskih turbina, turbine u hidroelektranama kao i za centrifugalni i aksijalni, dinami\u010dki turbo-kompresori i crpke gdje se preporu\u010duje ulje protiv korozije i oksidacije ili turbinsko ulje.<\/p>\n<p><span style=\"font-weight: bold\">Specifikacija: <\/span>DIN 51515-1 L-TD; ISO 8068:2006-L-THA; ASTM D4304-13 Type I; GB11120-2011 L-TSA; indijski standard IS 1012:2002.<\/p>\n","protected":false},"excerpt":{"rendered":"<p>Turbinsko ulje<br \/>\nIzvrsna oksidacijska stabilnost<br \/>\nPrimjena u industrijskim parnim turbinama bez zup\u010danika i lakooptere\u0107ene plinske turbine bez zup\u010danika, podmazivanje vodenih hidroelektri\u010dnih turbina&#8230;<\/p>\n","protected":false},"featured_media":0,"template":"","meta":{"_seopress_robots_primary_cat":"","_seopress_titles_title":"","_seopress_titles_desc":"","_seopress_robots_index":"","iawp_total_views":0},"product_brand":[873],"product_cat":[243,276],"product_tag":[],"class_list":{"0":"post-41742","1":"product","2":"type-product","3":"status-publish","5":"product_brand-turbo","6":"product_cat-automobili-i-motori","7":"product_cat-industrijska-i-specijalna-ulja-243","9":"first","10":"outofstock","11":"shipping-taxable","12":"purchasable","13":"product-type-simple"},"_links":{"self":[{"href":"https:\/\/singuli.wpress.me\/index.php\/wp-json\/wp\/v2\/product\/41742","targetHints":{"allow":["GET"]}}],"collection":[{"href":"https:\/\/singuli.wpress.me\/index.php\/wp-json\/wp\/v2\/product"}],"about":[{"href":"https:\/\/singuli.wpress.me\/index.php\/wp-json\/wp\/v2\/types\/product"}],"version-history":[{"count":0,"href":"https:\/\/singuli.wpress.me\/index.php\/wp-json\/wp\/v2\/product\/41742\/revisions"}],"wp:attachment":[{"href":"https:\/\/singuli.wpress.me\/index.php\/wp-json\/wp\/v2\/media?parent=41742"}],"wp:term":[{"taxonomy":"product_brand","embeddable":true,"href":"https:\/\/singuli.wpress.me\/index.php\/wp-json\/wp\/v2\/product_brand?post=41742"},{"taxonomy":"product_cat","embeddable":true,"href":"https:\/\/singuli.wpress.me\/index.php\/wp-json\/wp\/v2\/product_cat?post=41742"},{"taxonomy":"product_tag","embeddable":true,"href":"https:\/\/singuli.wpress.me\/index.php\/wp-json\/wp\/v2\/product_tag?post=41742"}],"curies":[{"name":"wp","href":"https:\/\/api.w.org\/{rel}","templated":true}]}}