{"id":41747,"date":"2026-04-19T15:23:26","date_gmt":"2026-04-19T15:23:26","guid":{"rendered":"https:\/\/singuli.wpress.me\/index.php\/proizvod\/bison-ljepilo-u-spreju-500-ml\/"},"modified":"2026-04-20T12:33:40","modified_gmt":"2026-04-20T12:33:40","slug":"bison-ljepilo-u-spreju-500-ml","status":"publish","type":"product","link":"https:\/\/singuli.wpress.me\/index.php\/proizvod\/bison-ljepilo-u-spreju-500-ml\/","title":{"rendered":"BISON, ljepilo, u spreju, 500\u00a0ml"},"content":{"rendered":"<p>Univerzalno teku\u0107e ljepilo u spreju bez aromata. <\/p>\n<p>Za lijepljenje papira, kartona, kola\u017ea, metalnih folija, ko\u017ee, filca, mnogo vrsta plastike, tekstila, Styrofoam\u00ae itd. sa sobom i mnogim drugim materijalima kao \u0161to su drvo, keramika, staklo itd.<\/p>\n<p>Nije prikladno za PE i PP.<\/p>\n<p>Uvjeti skladi\u0161tenja: \u010cuvajte na suhom i hladnom mjestu na kojem ne dolazi do smrzavanja.<\/p>\n","protected":false},"excerpt":{"rendered":"<p>Za privremeno i trajno pri\u010dvr\u0161\u0107ivanje<br \/>\nBrzo i sna\u017eno<br \/>\nOtporno na vlagu<\/p>\n","protected":false},"featured_media":0,"template":"","meta":{"_seopress_robots_primary_cat":"","_seopress_titles_title":"","_seopress_titles_desc":"","_seopress_robots_index":"","iawp_total_views":0},"product_brand":[494],"product_cat":[264,238],"product_tag":[],"class_list":{"0":"post-41747","1":"product","2":"type-product","3":"status-publish","5":"product_brand-bison","6":"product_cat-ljepila-i-brtvila-238","7":"product_cat-sve-za-dom","9":"first","10":"instock","11":"shipping-taxable","12":"purchasable","13":"product-type-simple"},"_links":{"self":[{"href":"https:\/\/singuli.wpress.me\/index.php\/wp-json\/wp\/v2\/product\/41747","targetHints":{"allow":["GET"]}}],"collection":[{"href":"https:\/\/singuli.wpress.me\/index.php\/wp-json\/wp\/v2\/product"}],"about":[{"href":"https:\/\/singuli.wpress.me\/index.php\/wp-json\/wp\/v2\/types\/product"}],"version-history":[{"count":0,"href":"https:\/\/singuli.wpress.me\/index.php\/wp-json\/wp\/v2\/product\/41747\/revisions"}],"wp:attachment":[{"href":"https:\/\/singuli.wpress.me\/index.php\/wp-json\/wp\/v2\/media?parent=41747"}],"wp:term":[{"taxonomy":"product_brand","embeddable":true,"href":"https:\/\/singuli.wpress.me\/index.php\/wp-json\/wp\/v2\/product_brand?post=41747"},{"taxonomy":"product_cat","embeddable":true,"href":"https:\/\/singuli.wpress.me\/index.php\/wp-json\/wp\/v2\/product_cat?post=41747"},{"taxonomy":"product_tag","embeddable":true,"href":"https:\/\/singuli.wpress.me\/index.php\/wp-json\/wp\/v2\/product_tag?post=41747"}],"curies":[{"name":"wp","href":"https:\/\/api.w.org\/{rel}","templated":true}]}}