{"id":41748,"date":"2026-04-19T15:23:26","date_gmt":"2026-04-19T15:23:26","guid":{"rendered":"https:\/\/singuli.wpress.me\/index.php\/proizvod\/laica-vt3225-aparat-za-vakumiranje\/"},"modified":"2026-04-20T12:33:40","modified_gmt":"2026-04-20T12:33:40","slug":"laica-vt3225-aparat-za-vakumiranje","status":"publish","type":"product","link":"https:\/\/singuli.wpress.me\/index.php\/proizvod\/laica-vt3225-aparat-za-vakumiranje\/","title":{"rendered":"LAICA VT3225, aparat za vakumiranje"},"content":{"rendered":"<p>Aparat za vakumiranje VT3225 s jednom usisnom pumpom i dvostrukom \u0161ipkom za brtvljenje. <\/p>\n<p>Omogu\u0107uje postavljanje dvostrukog zatvaranja (normalno &#8211; nje\u017eno). Ima trostruko pode\u0161avanje zatvaranja (1 &#8211; 2 &#8211; 3). Dr\u017ea\u010d role ima dvosmjerni no\u017e. Opremljen je priklju\u010dkom za vakumiranje posuda.<\/p>\n<p>Omogu\u0107uje potpuno automatsko vakumiranje, djelomi\u010dno vakumiranje, zavarivanje i ima funkciju &quot;brzog mariniranja&quot;<\/p>\n","protected":false},"excerpt":{"rendered":"<p>Omogu\u0107uje potpuno automatsko vakumiranje, djelomi\u010dno vakumiranje i zavarivanje.<br \/>\nIma funkciju &#8220;brzog mariniranja&#8221;.<br \/>\nMaksimalna \u0161irina vre\u0107ice je 30 cm.<\/p>\n","protected":false},"featured_media":0,"template":"","meta":{"_seopress_robots_primary_cat":"","_seopress_titles_title":"","_seopress_titles_desc":"","_seopress_robots_index":"","iawp_total_views":0},"product_brand":[148],"product_cat":[266,265,160],"product_tag":[],"class_list":{"0":"post-41748","1":"product","2":"type-product","3":"status-publish","5":"product_brand-laica","6":"product_cat-aparati-za-kuhanje-265","7":"product_cat-kuhinjski-aparati-160","8":"product_cat-mali-kucanski-aparati","10":"first","11":"outofstock","12":"shipping-taxable","13":"purchasable","14":"product-type-simple"},"_links":{"self":[{"href":"https:\/\/singuli.wpress.me\/index.php\/wp-json\/wp\/v2\/product\/41748","targetHints":{"allow":["GET"]}}],"collection":[{"href":"https:\/\/singuli.wpress.me\/index.php\/wp-json\/wp\/v2\/product"}],"about":[{"href":"https:\/\/singuli.wpress.me\/index.php\/wp-json\/wp\/v2\/types\/product"}],"version-history":[{"count":0,"href":"https:\/\/singuli.wpress.me\/index.php\/wp-json\/wp\/v2\/product\/41748\/revisions"}],"wp:attachment":[{"href":"https:\/\/singuli.wpress.me\/index.php\/wp-json\/wp\/v2\/media?parent=41748"}],"wp:term":[{"taxonomy":"product_brand","embeddable":true,"href":"https:\/\/singuli.wpress.me\/index.php\/wp-json\/wp\/v2\/product_brand?post=41748"},{"taxonomy":"product_cat","embeddable":true,"href":"https:\/\/singuli.wpress.me\/index.php\/wp-json\/wp\/v2\/product_cat?post=41748"},{"taxonomy":"product_tag","embeddable":true,"href":"https:\/\/singuli.wpress.me\/index.php\/wp-json\/wp\/v2\/product_tag?post=41748"}],"curies":[{"name":"wp","href":"https:\/\/api.w.org\/{rel}","templated":true}]}}