{"id":41753,"date":"2026-04-19T15:23:29","date_gmt":"2026-04-19T15:23:29","guid":{"rendered":"https:\/\/singuli.wpress.me\/index.php\/proizvod\/domo-do237sv-usisavac-stapni\/"},"modified":"2026-04-20T12:33:40","modified_gmt":"2026-04-20T12:33:40","slug":"domo-do237sv-usisavac-stapni","status":"publish","type":"product","link":"https:\/\/singuli.wpress.me\/index.php\/proizvod\/domo-do237sv-usisavac-stapni\/","title":{"rendered":"DOMO DO237SV, usisava\u010d, \u0161tapni"},"content":{"rendered":"<p>Domo DO237SV \u0107e vam dobro do\u0107i za kontinuirano \u010di\u0161\u0107enje cijele ku\u0107e ili stana. Zahvaljuju\u0107i funkciji 2u1 u laganom i kompaktnom dizajnu, mo\u0107i \u0107ete usisavati i \u0161tapnim i ru\u010dnim usisava\u010dem. Domo DO237SV je Opremljen ciklonskim sustavom filtriranja s perivim filtrom za grubu prljav\u0161tinu i pamu\u010dnim filtrom za finu ne\u010disto\u0107u. Dodaci se mogu ugraditi na dio motora i usisnu cijev.<\/p>\n","protected":false},"excerpt":{"rendered":"<p>Uklonite aluminijsko crijevo kako biste usisava\u010d pretvorili u ru\u010dni usisava\u010d<br \/>\nSna\u017ean ciklonski sustav<br \/>\nUklju\u010duje \u010detku za pra\u0161inu i zidni nosa\u010d<\/p>\n","protected":false},"featured_media":0,"template":"","meta":{"_seopress_robots_primary_cat":"","_seopress_titles_title":"","_seopress_titles_desc":"","_seopress_robots_index":"","iawp_total_views":0},"product_brand":[255],"product_cat":[160,271],"product_tag":[],"class_list":{"0":"post-41753","1":"product","2":"type-product","3":"status-publish","5":"product_brand-domo","6":"product_cat-mali-kucanski-aparati","7":"product_cat-usisavaci-i-ciscenje-160","9":"first","10":"instock","11":"shipping-taxable","12":"purchasable","13":"product-type-simple"},"_links":{"self":[{"href":"https:\/\/singuli.wpress.me\/index.php\/wp-json\/wp\/v2\/product\/41753","targetHints":{"allow":["GET"]}}],"collection":[{"href":"https:\/\/singuli.wpress.me\/index.php\/wp-json\/wp\/v2\/product"}],"about":[{"href":"https:\/\/singuli.wpress.me\/index.php\/wp-json\/wp\/v2\/types\/product"}],"version-history":[{"count":0,"href":"https:\/\/singuli.wpress.me\/index.php\/wp-json\/wp\/v2\/product\/41753\/revisions"}],"wp:attachment":[{"href":"https:\/\/singuli.wpress.me\/index.php\/wp-json\/wp\/v2\/media?parent=41753"}],"wp:term":[{"taxonomy":"product_brand","embeddable":true,"href":"https:\/\/singuli.wpress.me\/index.php\/wp-json\/wp\/v2\/product_brand?post=41753"},{"taxonomy":"product_cat","embeddable":true,"href":"https:\/\/singuli.wpress.me\/index.php\/wp-json\/wp\/v2\/product_cat?post=41753"},{"taxonomy":"product_tag","embeddable":true,"href":"https:\/\/singuli.wpress.me\/index.php\/wp-json\/wp\/v2\/product_tag?post=41753"}],"curies":[{"name":"wp","href":"https:\/\/api.w.org\/{rel}","templated":true}]}}