{"id":41754,"date":"2026-04-19T15:23:30","date_gmt":"2026-04-19T15:23:30","guid":{"rendered":"https:\/\/singuli.wpress.me\/index.php\/proizvod\/old-spice-oasis-dezodorans-u-spreju-150-ml\/"},"modified":"2026-04-21T00:27:12","modified_gmt":"2026-04-21T00:27:12","slug":"old-spice-oasis-dezodorans-u-spreju-150-ml","status":"publish","type":"product","link":"https:\/\/singuli.wpress.me\/index.php\/proizvod\/old-spice-oasis-dezodorans-u-spreju-150-ml\/","title":{"rendered":"OLD SPICE Oasis, dezodorans u spreju, 150\u00a0ml"},"content":{"rendered":"<p>Najbolji mirisi na svijetu su oni koje jo\u0161 nisi pomirisao ili oni koji te podsje\u0107aju na Old Spice Oasis. <\/p>\n<p>Bila to istina ili ne, mi smo sigurno u pravu. Zato smo tra\u017eili svje\u017einu dimljene vanilije na jednom od najpo\u017eeljnijih mjesta na Zemlji: u oazi. <\/p>\n<p>Osjeti gel za tu\u0161iranje Old Spice Oasis, miris svojih toplih avantura i snova o sljede\u0107oj ekspediciji. <\/p>\n<p>Sve je na tebi. Samo budi svoj.<\/p>\n","protected":false},"excerpt":{"rendered":"<p>Miris koji te stavlja u samo sredi\u0161te svemira<br \/>\nPru\u017ea dugotrajnu svje\u017einu koju svi \u017eele<br \/>\n\u0160titi od neugodnih mirisa do 48 sati<\/p>\n","protected":false},"featured_media":0,"template":"","meta":{"_seopress_robots_primary_cat":"","_seopress_titles_title":"","_seopress_titles_desc":"","_seopress_robots_index":"","iawp_total_views":0},"product_brand":[448],"product_cat":[285,268],"product_tag":[],"class_list":{"0":"post-41754","1":"product","2":"type-product","3":"status-publish","5":"product_brand-old-spice","6":"product_cat-dezodoransi-268","7":"product_cat-kozmetika-2","9":"first","10":"instock","11":"shipping-taxable","12":"purchasable","13":"product-type-simple"},"_links":{"self":[{"href":"https:\/\/singuli.wpress.me\/index.php\/wp-json\/wp\/v2\/product\/41754","targetHints":{"allow":["GET"]}}],"collection":[{"href":"https:\/\/singuli.wpress.me\/index.php\/wp-json\/wp\/v2\/product"}],"about":[{"href":"https:\/\/singuli.wpress.me\/index.php\/wp-json\/wp\/v2\/types\/product"}],"version-history":[{"count":0,"href":"https:\/\/singuli.wpress.me\/index.php\/wp-json\/wp\/v2\/product\/41754\/revisions"}],"wp:attachment":[{"href":"https:\/\/singuli.wpress.me\/index.php\/wp-json\/wp\/v2\/media?parent=41754"}],"wp:term":[{"taxonomy":"product_brand","embeddable":true,"href":"https:\/\/singuli.wpress.me\/index.php\/wp-json\/wp\/v2\/product_brand?post=41754"},{"taxonomy":"product_cat","embeddable":true,"href":"https:\/\/singuli.wpress.me\/index.php\/wp-json\/wp\/v2\/product_cat?post=41754"},{"taxonomy":"product_tag","embeddable":true,"href":"https:\/\/singuli.wpress.me\/index.php\/wp-json\/wp\/v2\/product_tag?post=41754"}],"curies":[{"name":"wp","href":"https:\/\/api.w.org\/{rel}","templated":true}]}}