{"id":41767,"date":"2026-04-19T15:23:34","date_gmt":"2026-04-19T15:23:34","guid":{"rendered":"https:\/\/singuli.wpress.me\/index.php\/proizvod\/swiffer-zamjenske-metlice-za-prasinu-10-kom\/"},"modified":"2026-04-20T12:33:40","modified_gmt":"2026-04-20T12:33:40","slug":"swiffer-zamjenske-metlice-za-prasinu-10-kom","status":"publish","type":"product","link":"https:\/\/singuli.wpress.me\/index.php\/proizvod\/swiffer-zamjenske-metlice-za-prasinu-10-kom\/","title":{"rendered":"SWIFFER, zamjenske metlice, za pra\u0161inu, 10\u00a0kom"},"content":{"rendered":"<p>Recite zbogom pra\u0161ini, prljav\u0161tini i dlakama i po\u017eelite dobrodo\u0161licu \u010disto\u0107i. Zahvaljuju\u0107i tisu\u0107ama pahuljasto mekih vlakana s laganim premazom, Swiffer Duster s povr\u0161ina hvata i zadr\u017eava pra\u0161inu, dla\u010dice i alergene od grinja, kao i dlake ku\u0107nih ljubimaca. <\/p>\n<p>Metlice za pra\u0161inu Swiffer imaju jedinstvena vlakna koja se prilago\u0111avaju i zavla\u010de u svaki kut i svaku pukotinu tako da mo\u017eete o\u010distiti pra\u0161inu i dlake s gotovo bilo koje povr\u0161ine, ne \u0161ire\u0107i ih pritom dalje po domu. <\/p>\n<p>Korisni savjeti: posebno su prakti\u010dne za hvatanje dlaka ku\u0107nih ljubimaca jer ih se ve\u0107ina stalno linja ili ako ste alergi\u010dni na pra\u0161inu. \u010ciste tako dobro da bi vam se brisanje pra\u0161ine moglo i svidjeti. <\/p>\n<p>Zamjenjive metlice za pra\u0161inu Swiffer koristite s dr\u0161kom Swiffer Duster.<\/p>\n","protected":false},"excerpt":{"rendered":"<p>10 zamjenskih \u010detki za pra\u0161inu (dr\u0161ka se prodaje zasebno)<br \/>\nKoristite Swiffer zamjenske krpe za pra\u0161inu s ru\u010dkom Swiffer Duster<br \/>\nZamjenske \u010detke izra\u0111ene su od 33% recikliranih sinteti\u010dkih vlakana<\/p>\n","protected":false},"featured_media":0,"template":"","meta":{"_seopress_robots_primary_cat":"","_seopress_titles_title":"","_seopress_titles_desc":"","_seopress_robots_index":"","iawp_total_views":0},"product_brand":[514],"product_cat":[274,238],"product_tag":[],"class_list":{"0":"post-41767","1":"product","2":"type-product","3":"status-publish","5":"product_brand-swiffer","6":"product_cat-kucanski-pribor-238","7":"product_cat-sve-za-dom","9":"first","10":"outofstock","11":"shipping-taxable","12":"purchasable","13":"product-type-simple"},"_links":{"self":[{"href":"https:\/\/singuli.wpress.me\/index.php\/wp-json\/wp\/v2\/product\/41767","targetHints":{"allow":["GET"]}}],"collection":[{"href":"https:\/\/singuli.wpress.me\/index.php\/wp-json\/wp\/v2\/product"}],"about":[{"href":"https:\/\/singuli.wpress.me\/index.php\/wp-json\/wp\/v2\/types\/product"}],"version-history":[{"count":0,"href":"https:\/\/singuli.wpress.me\/index.php\/wp-json\/wp\/v2\/product\/41767\/revisions"}],"wp:attachment":[{"href":"https:\/\/singuli.wpress.me\/index.php\/wp-json\/wp\/v2\/media?parent=41767"}],"wp:term":[{"taxonomy":"product_brand","embeddable":true,"href":"https:\/\/singuli.wpress.me\/index.php\/wp-json\/wp\/v2\/product_brand?post=41767"},{"taxonomy":"product_cat","embeddable":true,"href":"https:\/\/singuli.wpress.me\/index.php\/wp-json\/wp\/v2\/product_cat?post=41767"},{"taxonomy":"product_tag","embeddable":true,"href":"https:\/\/singuli.wpress.me\/index.php\/wp-json\/wp\/v2\/product_tag?post=41767"}],"curies":[{"name":"wp","href":"https:\/\/api.w.org\/{rel}","templated":true}]}}