{"id":41768,"date":"2026-04-19T15:23:35","date_gmt":"2026-04-19T15:23:35","guid":{"rendered":"https:\/\/singuli.wpress.me\/index.php\/proizvod\/omala-s4-gxv-150-ulje-za-zupcanicke-prijenosnike-industrijske-reduktore-209-l\/"},"modified":"2026-04-20T12:33:40","modified_gmt":"2026-04-20T12:33:40","slug":"omala-s4-gxv-150-ulje-za-zupcanicke-prijenosnike-industrijske-reduktore-209-l","status":"publish","type":"product","link":"https:\/\/singuli.wpress.me\/index.php\/proizvod\/omala-s4-gxv-150-ulje-za-zupcanicke-prijenosnike-industrijske-reduktore-209-l\/","title":{"rendered":"OMALA S4 GXV 150, ulje za zup\u010dani\u010dke prijenosnike-industrijske reduktore, 209\u00a0l"},"content":{"rendered":"<p>Napredno sinteti\u010dko ulje za te\u0161ko optere\u0107ene industrijske zup\u010dani\u010dke prijenose, odobrena od Siemens AG, osigurava izvanredne performanse podmazivanja \u010dak i pri najte\u017eim operativnim uvjetima koji mogu uklju\u010divati za\u0161titu od te\u0161kih tarnih optere\u0107enja, duga\u010dak vijek trajanja te visoku otpornost prema mikropitingu kao i odli\u010dnu kompatibilnost s brtvljenim materijalima. Posebno se preporu\u010duju za sustave koji zahtijevaju kori\u0161tenje ulja s dugim vijekom trajanja, neredovitim intervalima odr\u017eavanja ili koji su nepristupa\u010dni. <\/p>\n<p><span style=\"font-weight: bold\">Specifikacije:<\/span> ISO 12925-1 Type CKD, ANSI\/AGMA 9005-F16, Flender \u2013 odobreno prema Flender T 7300, DIN 51517-3 (CLP), China National Standard GB 5903-2011 CKD, AIST (US Steel) Req. No. 224.<\/p>\n","protected":false},"excerpt":{"rendered":"<p>Napredno sinteti\u010dko ulje za te\u0161ko optere\u0107ene industrijske zup\u010dani\u010dke prijenose<br \/>\nOdobreno od Siemens AG<br \/>\nOsigurava izvanredne performanse podmazivanja<\/p>\n","protected":false},"featured_media":0,"template":"","meta":{"_seopress_robots_primary_cat":"","_seopress_titles_title":"","_seopress_titles_desc":"","_seopress_robots_index":"","iawp_total_views":0},"product_brand":[431],"product_cat":[243,276],"product_tag":[],"class_list":{"0":"post-41768","1":"product","2":"type-product","3":"status-publish","5":"product_brand-omala","6":"product_cat-automobili-i-motori","7":"product_cat-industrijska-i-specijalna-ulja-243","9":"first","10":"outofstock","11":"shipping-taxable","12":"purchasable","13":"product-type-simple"},"_links":{"self":[{"href":"https:\/\/singuli.wpress.me\/index.php\/wp-json\/wp\/v2\/product\/41768","targetHints":{"allow":["GET"]}}],"collection":[{"href":"https:\/\/singuli.wpress.me\/index.php\/wp-json\/wp\/v2\/product"}],"about":[{"href":"https:\/\/singuli.wpress.me\/index.php\/wp-json\/wp\/v2\/types\/product"}],"version-history":[{"count":0,"href":"https:\/\/singuli.wpress.me\/index.php\/wp-json\/wp\/v2\/product\/41768\/revisions"}],"wp:attachment":[{"href":"https:\/\/singuli.wpress.me\/index.php\/wp-json\/wp\/v2\/media?parent=41768"}],"wp:term":[{"taxonomy":"product_brand","embeddable":true,"href":"https:\/\/singuli.wpress.me\/index.php\/wp-json\/wp\/v2\/product_brand?post=41768"},{"taxonomy":"product_cat","embeddable":true,"href":"https:\/\/singuli.wpress.me\/index.php\/wp-json\/wp\/v2\/product_cat?post=41768"},{"taxonomy":"product_tag","embeddable":true,"href":"https:\/\/singuli.wpress.me\/index.php\/wp-json\/wp\/v2\/product_tag?post=41768"}],"curies":[{"name":"wp","href":"https:\/\/api.w.org\/{rel}","templated":true}]}}