{"id":41769,"date":"2026-04-19T15:23:35","date_gmt":"2026-04-19T15:23:35","guid":{"rendered":"https:\/\/singuli.wpress.me\/index.php\/proizvod\/jacobs-crema-gold-instant-napitak-200-g\/"},"modified":"2026-04-20T12:33:40","modified_gmt":"2026-04-20T12:33:40","slug":"jacobs-crema-gold-instant-napitak-200-g","status":"publish","type":"product","link":"https:\/\/singuli.wpress.me\/index.php\/proizvod\/jacobs-crema-gold-instant-napitak-200-g\/","title":{"rendered":"JACOBS Crema Gold, instant napitak, 200\u00a0g"},"content":{"rendered":"<p>U\u017eivajte u Jacobs Instant kavi kod ku\u0107e ili u pokretu.<\/p>\n<p>Jednostavno pomije\u0161ajte kavu s vru\u0107om vodom i kava je spremna za u\u017eivanje.<\/p>\n<p>Jacobs vam nudi \u0161iroku paletu instant kave: od klasi\u010dnog Jacobs Cronat Gold, do Jacobs Crema i Monarch.<\/p>\n<p>Jacobs instant kava &#8211; kava s \u010darobnom aromom.<\/p>\n<p>Jacobs Crema gold je kava istinski skladnog okusa s pjenom na vrhu.<\/p>\n","protected":false},"excerpt":{"rendered":"<p>Mje\u0161avina za napitak od kave, idealna za sve ljubitelje instant kave<br \/>\nJacobs Crema kava izvrsna je instant kava ugodne arome i okusa koja \u0107e vas zavesti<br \/>\nPriu\u0161tite si \u0161alicu omiljenog Jacobs toplog napitka<\/p>\n","protected":false},"featured_media":0,"template":"","meta":{"_seopress_robots_primary_cat":"","_seopress_titles_title":"","_seopress_titles_desc":"","_seopress_robots_index":"","iawp_total_views":0},"product_brand":[419],"product_cat":[261,275],"product_tag":[],"class_list":{"0":"post-41769","1":"product","2":"type-product","3":"status-publish","5":"product_brand-jacobs","6":"product_cat-hrana-i-pice","7":"product_cat-kava-i-cajevi-261","9":"first","10":"instock","11":"shipping-taxable","12":"purchasable","13":"product-type-simple"},"_links":{"self":[{"href":"https:\/\/singuli.wpress.me\/index.php\/wp-json\/wp\/v2\/product\/41769","targetHints":{"allow":["GET"]}}],"collection":[{"href":"https:\/\/singuli.wpress.me\/index.php\/wp-json\/wp\/v2\/product"}],"about":[{"href":"https:\/\/singuli.wpress.me\/index.php\/wp-json\/wp\/v2\/types\/product"}],"version-history":[{"count":0,"href":"https:\/\/singuli.wpress.me\/index.php\/wp-json\/wp\/v2\/product\/41769\/revisions"}],"wp:attachment":[{"href":"https:\/\/singuli.wpress.me\/index.php\/wp-json\/wp\/v2\/media?parent=41769"}],"wp:term":[{"taxonomy":"product_brand","embeddable":true,"href":"https:\/\/singuli.wpress.me\/index.php\/wp-json\/wp\/v2\/product_brand?post=41769"},{"taxonomy":"product_cat","embeddable":true,"href":"https:\/\/singuli.wpress.me\/index.php\/wp-json\/wp\/v2\/product_cat?post=41769"},{"taxonomy":"product_tag","embeddable":true,"href":"https:\/\/singuli.wpress.me\/index.php\/wp-json\/wp\/v2\/product_tag?post=41769"}],"curies":[{"name":"wp","href":"https:\/\/api.w.org\/{rel}","templated":true}]}}